{"id":5225,"date":"2024-01-30T14:25:52","date_gmt":"2024-01-30T13:25:52","guid":{"rendered":"https:\/\/greenf.dk\/oekologische-landwirtschaft\/"},"modified":"2025-12-18T11:56:56","modified_gmt":"2025-12-18T10:56:56","slug":"fibro-x","status":"publish","type":"page","link":"https:\/\/greenf.dk\/de\/fibro-x\/","title":{"rendered":"Fibro-X"},"content":{"rendered":"<div class=\"wpb-content-wrapper\"><p>[vc_row][vc_column][vc_empty_space height=&#8220;30px&#8220;][vc_row_inner][vc_column_inner width=&#8220;1\/2&#8243;]<div class=\"uavc-external-video\" style=\"position:relative;width:100%;aspect-ratio:16\/9;\">\r\n\t\t\t\t<iframe src=\"https:\/\/corpvideoservice.azurewebsites.net\/player\/stream.php?vimeo-id=1055546324&#038;autoplay=false&#038;mute=false\"\r\n\t\t\t\t\tstyle=\"position:absolute;inset:0;width:100%;height:100%;border:0;\"\r\n\t\t\t\t\tloading=\"lazy\"\r\n\t\t\t\t\tallow=\"autoplay; fullscreen; picture-in-picture\"\r\n\t\t\t\t\tallowfullscreen><\/iframe>\r\n\t\t\t<\/div>[vc_empty_space height=&#8220;30px&#8220;][vc_btn title=&#8220;Bestellen Sie sie&#8220; style=&#8220;custom&#8220; custom_background=&#8220;#fc5623&#8243; custom_text=&#8220;#ffffff&#8220; shape=&#8220;square&#8220; align=&#8220;center&#8220; css=&#8220;&#8220; link=&#8220;url:https%3A%2F%2Fgreenf.dk%2Fde%2Fkontaktieren-sie-uns%2F|&#8220;][\/vc_column_inner][vc_column_inner width=&#8220;1\/2&#8243;][vc_empty_space height=&#8220;15px&#8220;][vc_column_text css=&#8220;&#8220;]<\/p>\n<h1>Neu: Fibro-X<\/h1>\n<h3><b>Fibro-X \u2013 Zersetzt G\u00fcllefasern<\/b><\/h3>\n<p><strong>Vorteile von Fibro-X:<\/strong><\/p>\n<ol>\n<li style=\"list-style-type: none;\">\n<ol>\n<li style=\"font-weight: 400;\"><span data-olk-copy-source=\"MessageBody\"><strong>30-50 kg mehr Stickstoff (N) pro Hektar<\/strong> \u2013 Nutzen Sie N\u00e4hrstoffe, die sonst ungenutzt blieben.<\/span><\/li>\n<li style=\"font-weight: 400;\"><span data-olk-copy-source=\"MessageBody\"><strong>Einfache und problemlose G\u00fclleausbringung<\/strong> \u2013 Die nat\u00fcrlichen Mikroorganismen in Fibro-X zersetzen effektiv die Fasern im G\u00fcllebeh\u00e4lter und auf dem Feld.<\/span><\/li>\n<li style=\"font-weight: 400;\"><span data-olk-copy-source=\"MessageBody\"><strong>Keine Fasern im Schnittgras oder auf wachsenden Kulturen<\/strong> \u2013 Die N\u00e4hrstoffe dringen tiefer in den Boden ein.<\/span><\/li>\n<li style=\"font-weight: 400;\"><span data-olk-copy-source=\"MessageBody\"><strong>Reduzierte Emissionen<\/strong> \u2013 Stickstoff bleibt in der fl\u00fcssigen Phase und wird leichter im Boden aufgenommen, w\u00e4hrend der Kohlenstoff aus den Fasern zu Humus umgewandelt wird.<\/span><\/li>\n<li style=\"font-weight: 400;\"><strong>Kompatibel mit S\u00e4urezus\u00e4tzen<\/strong><\/li>\n<li style=\"font-weight: 400;\"><span data-olk-copy-source=\"MessageBody\"><strong>Maximale Ertr\u00e4ge durch die letzten kg Stickstoff<\/strong> \u2013 Mehrertrag, der sich direkt auszahlt!<\/span><\/li>\n<\/ol>\n<\/li>\n<\/ol>\n<p>[\/vc_column_text][vc_empty_space height=&#8220;30px&#8220;][\/vc_column_inner][\/vc_row_inner][\/vc_column][\/vc_row][vc_row height=&#8220;90&#8243; height_on_tabs=&#8220;90&#8243; height_on_tabs_portrait=&#8220;60&#8243; height_on_mob_landscape=&#8220;60&#8243; height_on_mob=&#8220;60&#8243;][vc_column]<div class=\"ult-spacer spacer-69e20246e09c5\" data-id=\"69e20246e09c5\" data-height=\"90\" data-height-mobile=\"60\" data-height-tab=\"90\" data-height-tab-portrait=\"60\" data-height-mobile-landscape=\"60\" style=\"clear:both;display:block;\"><\/div>[\/vc_column][\/vc_row]<\/p>\n<\/div>","protected":false},"excerpt":{"rendered":"<p>[vc_row][vc_column][vc_empty_space height=&#8220;30px&#8220;][vc_row_inner][vc_column_inner width=&#8220;1\/2&#8243;][vc_empty_space height=&#8220;30px&#8220;][vc_btn title=&#8220;Bestellen Sie sie&#8220; style=&#8220;custom&#8220; custom_background=&#8220;#fc5623&#8243; custom_text=&#8220;#ffffff&#8220; shape=&#8220;square&#8220; align=&#8220;center&#8220; css=&#8220;&#8220; link=&#8220;url:https%3A%2F%2Fgreenf.dk%2Fde%2Fkontaktieren-sie-uns%2F|&#8220;][\/vc_column_inner][vc_column_inner width=&#8220;1\/2&#8243;][vc_empty_space height=&#8220;15px&#8220;][vc_column_text css=&#8220;&#8220;] Neu: Fibro-X Fibro-X \u2013 Zersetzt G\u00fcllefasern Vorteile von Fibro-X: 30-50 kg mehr Stickstoff (N) pro Hektar \u2013 Nutzen Sie N\u00e4hrstoffe, die sonst ungenutzt blieben. Einfache und problemlose G\u00fclleausbringung \u2013 Die nat\u00fcrlichen Mikroorganismen in Fibro-X zersetzen effektiv die Fasern &#8230; <a title=\"Fibro-X\" class=\"read-more\" href=\"https:\/\/greenf.dk\/de\/fibro-x\/\" aria-label=\"Mehr Informationen \u00fcber Fibro-X\">Weiterlesen &#8230;<\/a><\/p>\n","protected":false},"author":6,"featured_media":5416,"parent":0,"menu_order":2,"comment_status":"closed","ping_status":"closed","template":"","meta":{"_acf_changed":false,"footnotes":""},"categories":[],"class_list":["post-5225","page","type-page","status-publish","has-post-thumbnail"],"acf":[],"yoast_head":"<!-- This site is optimized with the Yoast SEO plugin v26.8 - https:\/\/yoast.com\/product\/yoast-seo-wordpress\/ -->\n<title>Fibro-X | GreenF ApS<\/title>\n<meta name=\"description\" content=\"Opn\u00e5 30-50 kg N mere \/ Ha med Fibro-X som opl\u00f8ser gyllefibre. De sidste kg N giver topudbytte - og det er ren merudbytte!\" \/>\n<meta name=\"robots\" content=\"index, follow, max-snippet:-1, max-image-preview:large, max-video-preview:-1\" \/>\n<link rel=\"canonical\" href=\"https:\/\/greenf.dk\/de\/fibro-x\/\" \/>\n<meta property=\"og:locale\" content=\"de_DE\" \/>\n<meta property=\"og:type\" content=\"article\" \/>\n<meta property=\"og:title\" content=\"Fibro-X | GreenF ApS\" \/>\n<meta property=\"og:description\" content=\"Opn\u00e5 30-50 kg N mere \/ Ha med Fibro-X som opl\u00f8ser gyllefibre. De sidste kg N giver topudbytte - og det er ren merudbytte!\" \/>\n<meta property=\"og:url\" content=\"https:\/\/greenf.dk\/de\/fibro-x\/\" \/>\n<meta property=\"og:site_name\" content=\"GreenF ApS\" \/>\n<meta property=\"article:modified_time\" content=\"2025-12-18T10:56:56+00:00\" \/>\n<meta property=\"og:image\" content=\"https:\/\/greenf.dk\/wp-content\/uploads\/2024\/11\/gyllevogn-med-syretank-scaled.jpg\" \/>\n\t<meta property=\"og:image:width\" content=\"2048\" \/>\n\t<meta property=\"og:image:height\" content=\"1912\" \/>\n\t<meta property=\"og:image:type\" content=\"image\/jpeg\" \/>\n<meta name=\"twitter:card\" content=\"summary_large_image\" \/>\n<meta name=\"twitter:label1\" content=\"Gesch\u00e4tzte Lesezeit\" \/>\n\t<meta name=\"twitter:data1\" content=\"1\u00a0Minute\" \/>\n<script type=\"application\/ld+json\" class=\"yoast-schema-graph\">{\"@context\":\"https:\/\/schema.org\",\"@graph\":[{\"@type\":\"WebPage\",\"@id\":\"https:\/\/greenf.dk\/de\/fibro-x\/\",\"url\":\"https:\/\/greenf.dk\/de\/fibro-x\/\",\"name\":\"Fibro-X | GreenF ApS\",\"isPartOf\":{\"@id\":\"https:\/\/greenf.dk\/#website\"},\"primaryImageOfPage\":{\"@id\":\"https:\/\/greenf.dk\/de\/fibro-x\/#primaryimage\"},\"image\":{\"@id\":\"https:\/\/greenf.dk\/de\/fibro-x\/#primaryimage\"},\"thumbnailUrl\":\"https:\/\/greenf.dk\/wp-content\/uploads\/2024\/11\/gyllevogn-med-syretank-scaled.jpg\",\"datePublished\":\"2024-01-30T13:25:52+00:00\",\"dateModified\":\"2025-12-18T10:56:56+00:00\",\"description\":\"Opn\u00e5 30-50 kg N mere \/ Ha med Fibro-X som opl\u00f8ser gyllefibre. De sidste kg N giver topudbytte - og det er ren merudbytte!\",\"breadcrumb\":{\"@id\":\"https:\/\/greenf.dk\/de\/fibro-x\/#breadcrumb\"},\"inLanguage\":\"de\",\"potentialAction\":[{\"@type\":\"ReadAction\",\"target\":[\"https:\/\/greenf.dk\/de\/fibro-x\/\"]}]},{\"@type\":\"ImageObject\",\"inLanguage\":\"de\",\"@id\":\"https:\/\/greenf.dk\/de\/fibro-x\/#primaryimage\",\"url\":\"https:\/\/greenf.dk\/wp-content\/uploads\/2024\/11\/gyllevogn-med-syretank-scaled.jpg\",\"contentUrl\":\"https:\/\/greenf.dk\/wp-content\/uploads\/2024\/11\/gyllevogn-med-syretank-scaled.jpg\",\"width\":2048,\"height\":1912},{\"@type\":\"BreadcrumbList\",\"@id\":\"https:\/\/greenf.dk\/de\/fibro-x\/#breadcrumb\",\"itemListElement\":[{\"@type\":\"ListItem\",\"position\":1,\"name\":\"Hjem\",\"item\":\"https:\/\/greenf.dk\/de\/\"},{\"@type\":\"ListItem\",\"position\":2,\"name\":\"Fibro-X\"}]},{\"@type\":\"WebSite\",\"@id\":\"https:\/\/greenf.dk\/#website\",\"url\":\"https:\/\/greenf.dk\/\",\"name\":\"GreenF ApS\",\"description\":\"G\u00f8dning, jordforbedrende mikrober, biostimulanter og \u00f8kologisk g\u00f8dning\",\"publisher\":{\"@id\":\"https:\/\/greenf.dk\/#organization\"},\"potentialAction\":[{\"@type\":\"SearchAction\",\"target\":{\"@type\":\"EntryPoint\",\"urlTemplate\":\"https:\/\/greenf.dk\/?s={search_term_string}\"},\"query-input\":{\"@type\":\"PropertyValueSpecification\",\"valueRequired\":true,\"valueName\":\"search_term_string\"}}],\"inLanguage\":\"de\"},{\"@type\":\"Organization\",\"@id\":\"https:\/\/greenf.dk\/#organization\",\"name\":\"GreenF ApS\",\"url\":\"https:\/\/greenf.dk\/\",\"logo\":{\"@type\":\"ImageObject\",\"inLanguage\":\"de\",\"@id\":\"https:\/\/greenf.dk\/#\/schema\/logo\/image\/\",\"url\":\"https:\/\/greenf.dk\/wp-content\/uploads\/2023\/02\/greenF-logo-hvid-baggrund_1-1.svg\",\"contentUrl\":\"https:\/\/greenf.dk\/wp-content\/uploads\/2023\/02\/greenF-logo-hvid-baggrund_1-1.svg\",\"width\":1119,\"height\":510,\"caption\":\"GreenF ApS\"},\"image\":{\"@id\":\"https:\/\/greenf.dk\/#\/schema\/logo\/image\/\"}}]}<\/script>\n<!-- \/ Yoast SEO plugin. -->","yoast_head_json":{"title":"Fibro-X | GreenF ApS","description":"Opn\u00e5 30-50 kg N mere \/ Ha med Fibro-X som opl\u00f8ser gyllefibre. De sidste kg N giver topudbytte - og det er ren merudbytte!","robots":{"index":"index","follow":"follow","max-snippet":"max-snippet:-1","max-image-preview":"max-image-preview:large","max-video-preview":"max-video-preview:-1"},"canonical":"https:\/\/greenf.dk\/de\/fibro-x\/","og_locale":"de_DE","og_type":"article","og_title":"Fibro-X | GreenF ApS","og_description":"Opn\u00e5 30-50 kg N mere \/ Ha med Fibro-X som opl\u00f8ser gyllefibre. De sidste kg N giver topudbytte - og det er ren merudbytte!","og_url":"https:\/\/greenf.dk\/de\/fibro-x\/","og_site_name":"GreenF ApS","article_modified_time":"2025-12-18T10:56:56+00:00","og_image":[{"width":2048,"height":1912,"url":"https:\/\/greenf.dk\/wp-content\/uploads\/2024\/11\/gyllevogn-med-syretank-scaled.jpg","type":"image\/jpeg"}],"twitter_card":"summary_large_image","twitter_misc":{"Gesch\u00e4tzte Lesezeit":"1\u00a0Minute"},"schema":{"@context":"https:\/\/schema.org","@graph":[{"@type":"WebPage","@id":"https:\/\/greenf.dk\/de\/fibro-x\/","url":"https:\/\/greenf.dk\/de\/fibro-x\/","name":"Fibro-X | GreenF ApS","isPartOf":{"@id":"https:\/\/greenf.dk\/#website"},"primaryImageOfPage":{"@id":"https:\/\/greenf.dk\/de\/fibro-x\/#primaryimage"},"image":{"@id":"https:\/\/greenf.dk\/de\/fibro-x\/#primaryimage"},"thumbnailUrl":"https:\/\/greenf.dk\/wp-content\/uploads\/2024\/11\/gyllevogn-med-syretank-scaled.jpg","datePublished":"2024-01-30T13:25:52+00:00","dateModified":"2025-12-18T10:56:56+00:00","description":"Opn\u00e5 30-50 kg N mere \/ Ha med Fibro-X som opl\u00f8ser gyllefibre. De sidste kg N giver topudbytte - og det er ren merudbytte!","breadcrumb":{"@id":"https:\/\/greenf.dk\/de\/fibro-x\/#breadcrumb"},"inLanguage":"de","potentialAction":[{"@type":"ReadAction","target":["https:\/\/greenf.dk\/de\/fibro-x\/"]}]},{"@type":"ImageObject","inLanguage":"de","@id":"https:\/\/greenf.dk\/de\/fibro-x\/#primaryimage","url":"https:\/\/greenf.dk\/wp-content\/uploads\/2024\/11\/gyllevogn-med-syretank-scaled.jpg","contentUrl":"https:\/\/greenf.dk\/wp-content\/uploads\/2024\/11\/gyllevogn-med-syretank-scaled.jpg","width":2048,"height":1912},{"@type":"BreadcrumbList","@id":"https:\/\/greenf.dk\/de\/fibro-x\/#breadcrumb","itemListElement":[{"@type":"ListItem","position":1,"name":"Hjem","item":"https:\/\/greenf.dk\/de\/"},{"@type":"ListItem","position":2,"name":"Fibro-X"}]},{"@type":"WebSite","@id":"https:\/\/greenf.dk\/#website","url":"https:\/\/greenf.dk\/","name":"GreenF ApS","description":"G\u00f8dning, jordforbedrende mikrober, biostimulanter og \u00f8kologisk g\u00f8dning","publisher":{"@id":"https:\/\/greenf.dk\/#organization"},"potentialAction":[{"@type":"SearchAction","target":{"@type":"EntryPoint","urlTemplate":"https:\/\/greenf.dk\/?s={search_term_string}"},"query-input":{"@type":"PropertyValueSpecification","valueRequired":true,"valueName":"search_term_string"}}],"inLanguage":"de"},{"@type":"Organization","@id":"https:\/\/greenf.dk\/#organization","name":"GreenF ApS","url":"https:\/\/greenf.dk\/","logo":{"@type":"ImageObject","inLanguage":"de","@id":"https:\/\/greenf.dk\/#\/schema\/logo\/image\/","url":"https:\/\/greenf.dk\/wp-content\/uploads\/2023\/02\/greenF-logo-hvid-baggrund_1-1.svg","contentUrl":"https:\/\/greenf.dk\/wp-content\/uploads\/2023\/02\/greenF-logo-hvid-baggrund_1-1.svg","width":1119,"height":510,"caption":"GreenF ApS"},"image":{"@id":"https:\/\/greenf.dk\/#\/schema\/logo\/image\/"}}]}},"_links":{"self":[{"href":"https:\/\/greenf.dk\/de\/wp-json\/wp\/v2\/pages\/5225","targetHints":{"allow":["GET"]}}],"collection":[{"href":"https:\/\/greenf.dk\/de\/wp-json\/wp\/v2\/pages"}],"about":[{"href":"https:\/\/greenf.dk\/de\/wp-json\/wp\/v2\/types\/page"}],"author":[{"embeddable":true,"href":"https:\/\/greenf.dk\/de\/wp-json\/wp\/v2\/users\/6"}],"replies":[{"embeddable":true,"href":"https:\/\/greenf.dk\/de\/wp-json\/wp\/v2\/comments?post=5225"}],"version-history":[{"count":11,"href":"https:\/\/greenf.dk\/de\/wp-json\/wp\/v2\/pages\/5225\/revisions"}],"predecessor-version":[{"id":5744,"href":"https:\/\/greenf.dk\/de\/wp-json\/wp\/v2\/pages\/5225\/revisions\/5744"}],"wp:featuredmedia":[{"embeddable":true,"href":"https:\/\/greenf.dk\/de\/wp-json\/wp\/v2\/media\/5416"}],"wp:attachment":[{"href":"https:\/\/greenf.dk\/de\/wp-json\/wp\/v2\/media?parent=5225"}],"wp:term":[{"taxonomy":"category","embeddable":true,"href":"https:\/\/greenf.dk\/de\/wp-json\/wp\/v2\/categories?post=5225"}],"curies":[{"name":"wp","href":"https:\/\/api.w.org\/{rel}","templated":true}]}}