{"id":5221,"date":"2024-01-30T14:25:53","date_gmt":"2024-01-30T13:25:53","guid":{"rendered":"https:\/\/greenf.dk\/nachkulturen\/"},"modified":"2025-06-18T09:59:45","modified_gmt":"2025-06-18T07:59:45","slug":"nachkulturen","status":"publish","type":"page","link":"https:\/\/greenf.dk\/de\/konventionelle-landwirtschaft\/nachkulturen\/","title":{"rendered":"Nachkulturen"},"content":{"rendered":"<div class=\"wpb-content-wrapper\"><p>[vc_row full_width=&#8220;stretch_row&#8220;][vc_column]<div class=\"ult-spacer spacer-69f3007e51c78\" data-id=\"69f3007e51c78\" data-height=\"90\" data-height-mobile=\"60\" data-height-tab=\"90\" data-height-tab-portrait=\"60\" data-height-mobile-landscape=\"60\" style=\"clear:both;display:block;\"><\/div>[vc_row_inner][vc_column_inner offset=&#8220;vc_col-lg-1 vc_col-md-1 vc_col-xs-12&#8243;][\/vc_column_inner][vc_column_inner offset=&#8220;vc_col-lg-10 vc_col-md-10 vc_col-xs-12&#8243;][vc_column_text]<\/p>\n<h1 style=\"text-align: center;\">Nachkulturen<\/h1>\n<p style=\"text-align: center;\"><strong>Die positive Wirkung von Deckfr\u00fcchten kann durch den Einsatz von GreenF Mikrobes M verst\u00e4rkt werden.<\/strong><\/p>\n<p style=\"text-align: center;\"><strong>GreenF Mikrobes M. ist eine speziell entwickelte Mischung aus n\u00fctzlichen Bakterien, Pilzen und einzelligen Organismen (Protozoen).<\/strong><\/p>\n<p>[\/vc_column_text][\/vc_column_inner][vc_column_inner offset=&#8220;vc_col-lg-1 vc_col-md-1 vc_col-xs-12&#8243;][\/vc_column_inner][\/vc_row_inner][\/vc_column][\/vc_row][vc_row full_width=&#8220;stretch_row&#8220;][vc_column]<div class=\"ult-spacer spacer-69f3007e51cc7\" data-id=\"69f3007e51cc7\" data-height=\"90\" data-height-mobile=\"60\" data-height-tab=\"90\" data-height-tab-portrait=\"60\" data-height-mobile-landscape=\"60\" style=\"clear:both;display:block;\"><\/div>[vc_row_inner equal_height=&#8220;yes&#8220; css=&#8220;.vc_custom_1610367712581{margin-right: 0px !important;margin-left: 0px !important;}&#8220;][vc_column_inner el_class=&#8220;small-stretch&#8220; css=&#8220;.vc_custom_1706688537919{background-color: #f7f7f7 !important;}&#8220; offset=&#8220;vc_col-lg-6 vc_col-md-6 vc_col-xs-12&#8243;][vc_column_text]<\/p>\n<h3>Der Einsatz von Deckfr\u00fcchten bietet eine Reihe von Vorteilen<\/h3>\n<ul>\n<li><strong>H\u00f6here N-Verwertung der gr\u00fcnen Masse<\/strong><\/li>\n<li><strong>Erh\u00f6hte Stickstoffaufnahme aus dem Boden.<\/strong><\/li>\n<li><strong>Bessere Wassernutzung.<\/strong><\/li>\n<li><strong>Bessere Aufnahme von Mikron\u00e4hrstoffen.<\/strong><\/li>\n<li><strong>Ges\u00fcndere Pflanzen.<\/strong><\/li>\n<li><strong>Bessere Kr\u00fcmelstruktur im Boden.<\/strong><\/li>\n<li><strong>Bessere Klimabilanzierung.<\/strong><\/li>\n<\/ul>\n<h4>Lieferung<\/h4>\n<p>Mischen Sie 25 Liter GreenF Microbes M in 300 Litern Wasser und spr\u00fchen Sie es abends auf Tau und am n\u00e4chsten Tag auf Regen und\/oder direkt in den Regen.<br \/>\nGreenF Microbes M wirkt am besten unter feuchten Bedingungen.<br \/>\nSpr\u00fchen Sie von Mitte Oktober bis Mitte Dezember, wenn feuchtes Wetter vorhergesagt ist.<br \/>\nSpr\u00fchen Sie alternativ kurz vor dem Pfl\u00fcgen bis zum Fr\u00fchjahr.[\/vc_column_text][\/vc_column_inner][vc_column_inner css=&#8220;.vc_custom_1706689699361{background-image: url(https:\/\/greenf.dk\/wp-content\/uploads\/2023\/02\/0.jpg?id=1011) !important;background-position: center !important;background-repeat: no-repeat !important;background-size: cover !important;}&#8220; offset=&#8220;vc_col-lg-6 vc_col-md-6 vc_col-xs-12&#8243;]<div class=\"ult-spacer spacer-69f3007e51cf2\" data-id=\"69f3007e51cf2\" data-height=\"0\" data-height-mobile=\"200\" data-height-tab=\"0\" data-height-tab-portrait=\"300\" data-height-mobile-landscape=\"250\" style=\"clear:both;display:block;\"><\/div>[\/vc_column_inner][\/vc_row_inner]<div class=\"ult-spacer spacer-69f3007e51d1b\" data-id=\"69f3007e51d1b\" data-height=\"90\" data-height-mobile=\"60\" data-height-tab=\"90\" data-height-tab-portrait=\"60\" data-height-mobile-landscape=\"60\" style=\"clear:both;display:block;\"><\/div>[\/vc_column][\/vc_row][vc_row full_width=&#8220;stretch_row&#8220; el_class=&#8220;overlay white cta parallax&#8220; css=&#8220;.vc_custom_1706624192443{background-image: url(https:\/\/greenf.dk\/wp-content\/uploads\/2019\/08\/field-105146_1920.jpg?id=168) !important;background-position: center !important;background-repeat: no-repeat !important;background-size: cover !important;}&#8220;][vc_column]<div class=\"ult-spacer spacer-69f3007e51d3e\" data-id=\"69f3007e51d3e\" data-height=\"90\" data-height-mobile=\"60\" data-height-tab=\"90\" data-height-tab-portrait=\"60\" data-height-mobile-landscape=\"60\" style=\"clear:both;display:block;\"><\/div>[vc_row_inner equal_height=&#8220;yes&#8220; content_placement=&#8220;middle&#8220;][vc_column_inner offset=&#8220;vc_col-lg-6 vc_col-md-8 vc_col-xs-12&#8243;][vc_column_text]<\/p>\n<h3>Kontakt GreenF ApS<\/h3>\n<h4>Womit k\u00f6nnen wir Ihnen helfen?<\/h4>\n<p>Erhalten Sie Antworten auf Ihre Fragen oder erfahren Sie mehr dar\u00fcber, was wir f\u00fcr Sie tun k\u00f6nnen.<br \/>\nWir hoffen, von Ihnen zu h\u00f6ren.<br \/>\nRufen Sie uns an unter <a>(+45) 51 52 37 74<\/a> \/ <a>(+45) 25 75 37 74<\/a> oder senden Sie eine E-Mail an <a>kontakt@greenf.dk.<\/a><br \/>\nWir werden Ihre Anfrage so schnell wie m\u00f6glich beantworten.[\/vc_column_text][vc_empty_space height=&#8220;20px&#8220;][vc_btn title=&#8220;Kontaktieren Sie uns hier&#8220; style=&#8220;custom&#8220; custom_background=&#8220;#fc5623&#8243; custom_text=&#8220;#ffffff&#8220; shape=&#8220;square&#8220; link=&#8220;url:https%3A%2F%2Fgreenf.dk%2Fde%2Fkontaktieren-sie-uns%2F|title:Kontaktieren%20Sie%20uns|&#8220;]<div class=\"ult-spacer spacer-69f3007e51d5e\" data-id=\"69f3007e51d5e\" data-height=\"0\" data-height-mobile=\"30\" data-height-tab=\"0\" data-height-tab-portrait=\"30\" data-height-mobile-landscape=\"30\" style=\"clear:both;display:block;\"><\/div>[\/vc_column_inner][vc_column_inner offset=&#8220;vc_col-lg-6 vc_col-md-4 vc_col-xs-12&#8243;][vc_raw_html]W2Zvcm1pbmF0b3JfZm9ybSBpZD0iNjYiXQ==[\/vc_raw_html][\/vc_column_inner][\/vc_row_inner]<div class=\"ult-spacer spacer-69f3007e51d7d\" data-id=\"69f3007e51d7d\" data-height=\"90\" data-height-mobile=\"60\" data-height-tab=\"90\" data-height-tab-portrait=\"60\" data-height-mobile-landscape=\"60\" style=\"clear:both;display:block;\"><\/div>[\/vc_column][\/vc_row]<\/p>\n<\/div>","protected":false},"excerpt":{"rendered":"<p>[vc_row full_width=&#8220;stretch_row&#8220;][vc_column][vc_row_inner][vc_column_inner offset=&#8220;vc_col-lg-1 vc_col-md-1 vc_col-xs-12&#8243;][\/vc_column_inner][vc_column_inner offset=&#8220;vc_col-lg-10 vc_col-md-10 vc_col-xs-12&#8243;][vc_column_text] Nachkulturen Die positive Wirkung von Deckfr\u00fcchten kann durch den Einsatz von GreenF Mikrobes M verst\u00e4rkt werden. GreenF Mikrobes M. ist eine speziell entwickelte Mischung aus n\u00fctzlichen Bakterien, Pilzen und einzelligen Organismen (Protozoen). [\/vc_column_text][\/vc_column_inner][vc_column_inner offset=&#8220;vc_col-lg-1 vc_col-md-1 vc_col-xs-12&#8243;][\/vc_column_inner][\/vc_row_inner][\/vc_column][\/vc_row][vc_row full_width=&#8220;stretch_row&#8220;][vc_column][vc_row_inner equal_height=&#8220;yes&#8220; css=&#8220;.vc_custom_1610367712581{margin-right: 0px !important;margin-left: 0px !important;}&#8220;][vc_column_inner el_class=&#8220;small-stretch&#8220; css=&#8220;.vc_custom_1706688537919{background-color: #f7f7f7 !important;}&#8220; &#8230; <a title=\"Nachkulturen\" class=\"read-more\" href=\"https:\/\/greenf.dk\/de\/konventionelle-landwirtschaft\/nachkulturen\/\" aria-label=\"Mehr Informationen \u00fcber Nachkulturen\">Weiterlesen &#8230;<\/a><\/p>\n","protected":false},"author":6,"featured_media":5066,"parent":5240,"menu_order":8,"comment_status":"closed","ping_status":"closed","template":"","meta":{"_acf_changed":false,"footnotes":""},"categories":[],"class_list":["post-5221","page","type-page","status-publish","has-post-thumbnail"],"acf":[],"yoast_head":"<!-- This site is optimized with the Yoast SEO plugin v26.8 - https:\/\/yoast.com\/product\/yoast-seo-wordpress\/ -->\n<title>Deckfr\u00fcchte - Fl\u00fcssiger organischer D\u00fcnger | GreenF ApS<\/title>\n<meta name=\"description\" content=\"HB-drip: Organischer D\u00fcnger, geeignet f\u00fcr Tropfbew\u00e4sserung und Ebbe-Flut-Bew\u00e4sserung. Wir entwickeln D\u00fcngerl\u00f6sungen, die gut f\u00fcr Sie und gut f\u00fcr die Umwelt sind.\" \/>\n<meta name=\"robots\" content=\"index, follow, max-snippet:-1, max-image-preview:large, max-video-preview:-1\" \/>\n<link rel=\"canonical\" href=\"https:\/\/greenf.dk\/de\/konventionelle-landwirtschaft\/nachkulturen\/\" \/>\n<meta property=\"og:locale\" content=\"de_DE\" \/>\n<meta property=\"og:type\" content=\"article\" \/>\n<meta property=\"og:title\" content=\"Deckfr\u00fcchte - Fl\u00fcssiger organischer D\u00fcnger | GreenF ApS\" \/>\n<meta property=\"og:description\" content=\"HB-drip: Organischer D\u00fcnger, geeignet f\u00fcr Tropfbew\u00e4sserung und Ebbe-Flut-Bew\u00e4sserung. Wir entwickeln D\u00fcngerl\u00f6sungen, die gut f\u00fcr Sie und gut f\u00fcr die Umwelt sind.\" \/>\n<meta property=\"og:url\" content=\"https:\/\/greenf.dk\/de\/konventionelle-landwirtschaft\/nachkulturen\/\" \/>\n<meta property=\"og:site_name\" content=\"GreenF ApS\" \/>\n<meta property=\"article:modified_time\" content=\"2025-06-18T07:59:45+00:00\" \/>\n<meta property=\"og:image\" content=\"https:\/\/greenf.dk\/wp-content\/uploads\/2023\/02\/0.jpg\" \/>\n\t<meta property=\"og:image:width\" content=\"944\" \/>\n\t<meta property=\"og:image:height\" content=\"708\" \/>\n\t<meta property=\"og:image:type\" content=\"image\/jpeg\" \/>\n<meta name=\"twitter:card\" content=\"summary_large_image\" \/>\n<meta name=\"twitter:label1\" content=\"Gesch\u00e4tzte Lesezeit\" \/>\n\t<meta name=\"twitter:data1\" content=\"3\u00a0Minuten\" \/>\n<script type=\"application\/ld+json\" class=\"yoast-schema-graph\">{\"@context\":\"https:\/\/schema.org\",\"@graph\":[{\"@type\":\"WebPage\",\"@id\":\"https:\/\/greenf.dk\/de\/konventionelle-landwirtschaft\/nachkulturen\/\",\"url\":\"https:\/\/greenf.dk\/de\/konventionelle-landwirtschaft\/nachkulturen\/\",\"name\":\"Deckfr\u00fcchte - Fl\u00fcssiger organischer D\u00fcnger | GreenF ApS\",\"isPartOf\":{\"@id\":\"https:\/\/greenf.dk\/#website\"},\"primaryImageOfPage\":{\"@id\":\"https:\/\/greenf.dk\/de\/konventionelle-landwirtschaft\/nachkulturen\/#primaryimage\"},\"image\":{\"@id\":\"https:\/\/greenf.dk\/de\/konventionelle-landwirtschaft\/nachkulturen\/#primaryimage\"},\"thumbnailUrl\":\"https:\/\/greenf.dk\/wp-content\/uploads\/2023\/02\/0.jpg\",\"datePublished\":\"2024-01-30T13:25:53+00:00\",\"dateModified\":\"2025-06-18T07:59:45+00:00\",\"description\":\"HB-drip: Organischer D\u00fcnger, geeignet f\u00fcr Tropfbew\u00e4sserung und Ebbe-Flut-Bew\u00e4sserung. Wir entwickeln D\u00fcngerl\u00f6sungen, die gut f\u00fcr Sie und gut f\u00fcr die Umwelt sind.\",\"breadcrumb\":{\"@id\":\"https:\/\/greenf.dk\/de\/konventionelle-landwirtschaft\/nachkulturen\/#breadcrumb\"},\"inLanguage\":\"de\",\"potentialAction\":[{\"@type\":\"ReadAction\",\"target\":[\"https:\/\/greenf.dk\/de\/konventionelle-landwirtschaft\/nachkulturen\/\"]}]},{\"@type\":\"ImageObject\",\"inLanguage\":\"de\",\"@id\":\"https:\/\/greenf.dk\/de\/konventionelle-landwirtschaft\/nachkulturen\/#primaryimage\",\"url\":\"https:\/\/greenf.dk\/wp-content\/uploads\/2023\/02\/0.jpg\",\"contentUrl\":\"https:\/\/greenf.dk\/wp-content\/uploads\/2023\/02\/0.jpg\",\"width\":944,\"height\":708},{\"@type\":\"BreadcrumbList\",\"@id\":\"https:\/\/greenf.dk\/de\/konventionelle-landwirtschaft\/nachkulturen\/#breadcrumb\",\"itemListElement\":[{\"@type\":\"ListItem\",\"position\":1,\"name\":\"Hjem\",\"item\":\"https:\/\/greenf.dk\/de\/\"},{\"@type\":\"ListItem\",\"position\":2,\"name\":\"Konventionelle Landwirtschaft\",\"item\":\"https:\/\/greenf.dk\/de\/konventionelle-landwirtschaft\/\"},{\"@type\":\"ListItem\",\"position\":3,\"name\":\"Nachkulturen\"}]},{\"@type\":\"WebSite\",\"@id\":\"https:\/\/greenf.dk\/#website\",\"url\":\"https:\/\/greenf.dk\/\",\"name\":\"GreenF ApS\",\"description\":\"G\u00f8dning, jordforbedrende mikrober, biostimulanter og \u00f8kologisk g\u00f8dning\",\"publisher\":{\"@id\":\"https:\/\/greenf.dk\/#organization\"},\"potentialAction\":[{\"@type\":\"SearchAction\",\"target\":{\"@type\":\"EntryPoint\",\"urlTemplate\":\"https:\/\/greenf.dk\/?s={search_term_string}\"},\"query-input\":{\"@type\":\"PropertyValueSpecification\",\"valueRequired\":true,\"valueName\":\"search_term_string\"}}],\"inLanguage\":\"de\"},{\"@type\":\"Organization\",\"@id\":\"https:\/\/greenf.dk\/#organization\",\"name\":\"GreenF ApS\",\"url\":\"https:\/\/greenf.dk\/\",\"logo\":{\"@type\":\"ImageObject\",\"inLanguage\":\"de\",\"@id\":\"https:\/\/greenf.dk\/#\/schema\/logo\/image\/\",\"url\":\"https:\/\/greenf.dk\/wp-content\/uploads\/2023\/02\/greenF-logo-hvid-baggrund_1-1.svg\",\"contentUrl\":\"https:\/\/greenf.dk\/wp-content\/uploads\/2023\/02\/greenF-logo-hvid-baggrund_1-1.svg\",\"width\":1119,\"height\":510,\"caption\":\"GreenF ApS\"},\"image\":{\"@id\":\"https:\/\/greenf.dk\/#\/schema\/logo\/image\/\"}}]}<\/script>\n<!-- \/ Yoast SEO plugin. -->","yoast_head_json":{"title":"Deckfr\u00fcchte - Fl\u00fcssiger organischer D\u00fcnger | GreenF ApS","description":"HB-drip: Organischer D\u00fcnger, geeignet f\u00fcr Tropfbew\u00e4sserung und Ebbe-Flut-Bew\u00e4sserung. Wir entwickeln D\u00fcngerl\u00f6sungen, die gut f\u00fcr Sie und gut f\u00fcr die Umwelt sind.","robots":{"index":"index","follow":"follow","max-snippet":"max-snippet:-1","max-image-preview":"max-image-preview:large","max-video-preview":"max-video-preview:-1"},"canonical":"https:\/\/greenf.dk\/de\/konventionelle-landwirtschaft\/nachkulturen\/","og_locale":"de_DE","og_type":"article","og_title":"Deckfr\u00fcchte - Fl\u00fcssiger organischer D\u00fcnger | GreenF ApS","og_description":"HB-drip: Organischer D\u00fcnger, geeignet f\u00fcr Tropfbew\u00e4sserung und Ebbe-Flut-Bew\u00e4sserung. Wir entwickeln D\u00fcngerl\u00f6sungen, die gut f\u00fcr Sie und gut f\u00fcr die Umwelt sind.","og_url":"https:\/\/greenf.dk\/de\/konventionelle-landwirtschaft\/nachkulturen\/","og_site_name":"GreenF ApS","article_modified_time":"2025-06-18T07:59:45+00:00","og_image":[{"width":944,"height":708,"url":"https:\/\/greenf.dk\/wp-content\/uploads\/2023\/02\/0.jpg","type":"image\/jpeg"}],"twitter_card":"summary_large_image","twitter_misc":{"Gesch\u00e4tzte Lesezeit":"3\u00a0Minuten"},"schema":{"@context":"https:\/\/schema.org","@graph":[{"@type":"WebPage","@id":"https:\/\/greenf.dk\/de\/konventionelle-landwirtschaft\/nachkulturen\/","url":"https:\/\/greenf.dk\/de\/konventionelle-landwirtschaft\/nachkulturen\/","name":"Deckfr\u00fcchte - Fl\u00fcssiger organischer D\u00fcnger | GreenF ApS","isPartOf":{"@id":"https:\/\/greenf.dk\/#website"},"primaryImageOfPage":{"@id":"https:\/\/greenf.dk\/de\/konventionelle-landwirtschaft\/nachkulturen\/#primaryimage"},"image":{"@id":"https:\/\/greenf.dk\/de\/konventionelle-landwirtschaft\/nachkulturen\/#primaryimage"},"thumbnailUrl":"https:\/\/greenf.dk\/wp-content\/uploads\/2023\/02\/0.jpg","datePublished":"2024-01-30T13:25:53+00:00","dateModified":"2025-06-18T07:59:45+00:00","description":"HB-drip: Organischer D\u00fcnger, geeignet f\u00fcr Tropfbew\u00e4sserung und Ebbe-Flut-Bew\u00e4sserung. Wir entwickeln D\u00fcngerl\u00f6sungen, die gut f\u00fcr Sie und gut f\u00fcr die Umwelt sind.","breadcrumb":{"@id":"https:\/\/greenf.dk\/de\/konventionelle-landwirtschaft\/nachkulturen\/#breadcrumb"},"inLanguage":"de","potentialAction":[{"@type":"ReadAction","target":["https:\/\/greenf.dk\/de\/konventionelle-landwirtschaft\/nachkulturen\/"]}]},{"@type":"ImageObject","inLanguage":"de","@id":"https:\/\/greenf.dk\/de\/konventionelle-landwirtschaft\/nachkulturen\/#primaryimage","url":"https:\/\/greenf.dk\/wp-content\/uploads\/2023\/02\/0.jpg","contentUrl":"https:\/\/greenf.dk\/wp-content\/uploads\/2023\/02\/0.jpg","width":944,"height":708},{"@type":"BreadcrumbList","@id":"https:\/\/greenf.dk\/de\/konventionelle-landwirtschaft\/nachkulturen\/#breadcrumb","itemListElement":[{"@type":"ListItem","position":1,"name":"Hjem","item":"https:\/\/greenf.dk\/de\/"},{"@type":"ListItem","position":2,"name":"Konventionelle Landwirtschaft","item":"https:\/\/greenf.dk\/de\/konventionelle-landwirtschaft\/"},{"@type":"ListItem","position":3,"name":"Nachkulturen"}]},{"@type":"WebSite","@id":"https:\/\/greenf.dk\/#website","url":"https:\/\/greenf.dk\/","name":"GreenF ApS","description":"G\u00f8dning, jordforbedrende mikrober, biostimulanter og \u00f8kologisk g\u00f8dning","publisher":{"@id":"https:\/\/greenf.dk\/#organization"},"potentialAction":[{"@type":"SearchAction","target":{"@type":"EntryPoint","urlTemplate":"https:\/\/greenf.dk\/?s={search_term_string}"},"query-input":{"@type":"PropertyValueSpecification","valueRequired":true,"valueName":"search_term_string"}}],"inLanguage":"de"},{"@type":"Organization","@id":"https:\/\/greenf.dk\/#organization","name":"GreenF ApS","url":"https:\/\/greenf.dk\/","logo":{"@type":"ImageObject","inLanguage":"de","@id":"https:\/\/greenf.dk\/#\/schema\/logo\/image\/","url":"https:\/\/greenf.dk\/wp-content\/uploads\/2023\/02\/greenF-logo-hvid-baggrund_1-1.svg","contentUrl":"https:\/\/greenf.dk\/wp-content\/uploads\/2023\/02\/greenF-logo-hvid-baggrund_1-1.svg","width":1119,"height":510,"caption":"GreenF ApS"},"image":{"@id":"https:\/\/greenf.dk\/#\/schema\/logo\/image\/"}}]}},"_links":{"self":[{"href":"https:\/\/greenf.dk\/de\/wp-json\/wp\/v2\/pages\/5221","targetHints":{"allow":["GET"]}}],"collection":[{"href":"https:\/\/greenf.dk\/de\/wp-json\/wp\/v2\/pages"}],"about":[{"href":"https:\/\/greenf.dk\/de\/wp-json\/wp\/v2\/types\/page"}],"author":[{"embeddable":true,"href":"https:\/\/greenf.dk\/de\/wp-json\/wp\/v2\/users\/6"}],"replies":[{"embeddable":true,"href":"https:\/\/greenf.dk\/de\/wp-json\/wp\/v2\/comments?post=5221"}],"version-history":[{"count":3,"href":"https:\/\/greenf.dk\/de\/wp-json\/wp\/v2\/pages\/5221\/revisions"}],"predecessor-version":[{"id":5699,"href":"https:\/\/greenf.dk\/de\/wp-json\/wp\/v2\/pages\/5221\/revisions\/5699"}],"up":[{"embeddable":true,"href":"https:\/\/greenf.dk\/de\/wp-json\/wp\/v2\/pages\/5240"}],"wp:featuredmedia":[{"embeddable":true,"href":"https:\/\/greenf.dk\/de\/wp-json\/wp\/v2\/media\/5066"}],"wp:attachment":[{"href":"https:\/\/greenf.dk\/de\/wp-json\/wp\/v2\/media?parent=5221"}],"wp:term":[{"taxonomy":"category","embeddable":true,"href":"https:\/\/greenf.dk\/de\/wp-json\/wp\/v2\/categories?post=5221"}],"curies":[{"name":"wp","href":"https:\/\/api.w.org\/{rel}","templated":true}]}}