{"id":5215,"date":"2024-01-30T14:39:45","date_gmt":"2024-01-30T13:39:45","guid":{"rendered":"https:\/\/greenf.dk\/produzieren-sie-ihren-eigenen-stickstoff\/greenf-flat-c-n-battery-kohlenstoffsequestrierung-carbon-farming\/"},"modified":"2025-06-18T10:00:41","modified_gmt":"2025-06-18T08:00:41","slug":"greenf-flat-c-n-battery-kohlenstoffsequestrierung-carbon-farming","status":"publish","type":"page","link":"https:\/\/greenf.dk\/de\/produzieren-sie-ihren-eigenen-stickstoff\/greenf-flat-c-n-battery-kohlenstoffsequestrierung-carbon-farming\/","title":{"rendered":"GreenF Flat C\/N Battery &#8211; Kohlenstoffsequestrierung &#8211; Carbon Farming"},"content":{"rendered":"<div class=\"wpb-content-wrapper\"><p>[vc_row full_width=&#8220;stretch_row&#8220;][vc_column]<div class=\"ult-spacer spacer-69f3000c48806\" data-id=\"69f3000c48806\" data-height=\"90\" data-height-mobile=\"60\" data-height-tab=\"90\" data-height-tab-portrait=\"60\" data-height-mobile-landscape=\"60\" style=\"clear:both;display:block;\"><\/div>[vc_row_inner][vc_column_inner offset=&#8220;vc_col-lg-1 vc_col-md-1 vc_col-xs-12&#8243;][\/vc_column_inner][vc_column_inner offset=&#8220;vc_col-lg-10 vc_col-md-10 vc_col-xs-12&#8243;][vc_column_text]<\/p>\n<h1 style=\"text-align: center;\">GreenF Flat C\/N Batterie.<\/h1>\n<p style=\"text-align: center;\">Pflanzeng\u00fclle wird in einem G\u00fclletank hergestellt.<br \/>\nKurz gesagt, Biomassen wie Kleegras, Zwischenfr\u00fcchte usw.<br \/>\nwerden mit unseren einzigartigen Mikroorganismen und Wasser vermischt.<br \/>\nPflanzeng\u00fclle ist eine frei flie\u00dfende G\u00fclle mit einem Gehalt von 4,0 kg N\/Tonne und einem PH-Wert unter 6,0.<br \/>\nDie N-Verwertung liegt bei etwa 90%.<\/p>\n<p>[\/vc_column_text][vc_empty_space height=&#8220;60px&#8220;][\/vc_column_inner][vc_column_inner offset=&#8220;vc_col-lg-1 vc_col-md-1 vc_col-xs-12&#8243;][\/vc_column_inner][\/vc_row_inner][\/vc_column][\/vc_row][vc_row][vc_column width=&#8220;1\/2&#8243;][vc_single_image image=&#8220;5085&#8243; img_size=&#8220;full&#8220; el_class=&#8220;custom-image&#8220;]<div class=\"ult-spacer spacer-69f3000c48861\" data-id=\"69f3000c48861\" data-height=\"0\" data-height-mobile=\"15\" data-height-tab=\"0\" data-height-tab-portrait=\"0\" data-height-mobile-landscape=\"15\" style=\"clear:both;display:block;\"><\/div>[\/vc_column][vc_column width=&#8220;1\/2&#8243;][vc_single_image image=&#8220;5074&#8243; img_size=&#8220;full&#8220; el_class=&#8220;custom-image&#8220;][\/vc_column][\/vc_row][vc_row full_width=&#8220;stretch_row&#8220; height=&#8220;90&#8243; height_on_tabs=&#8220;90&#8243; height_on_tabs_portrait=&#8220;60&#8243; height_on_mob_landscape=&#8220;60&#8243; height_on_mob=&#8220;60&#8243;][vc_column]<div class=\"ult-spacer spacer-69f3000c4888d\" data-id=\"69f3000c4888d\" data-height=\"90\" data-height-mobile=\"60\" data-height-tab=\"90\" data-height-tab-portrait=\"60\" data-height-mobile-landscape=\"60\" style=\"clear:both;display:block;\"><\/div>[\/vc_column][\/vc_row][vc_row full_width=&#8220;stretch_row&#8220; el_class=&#8220;overlay white cta parallax&#8220; css=&#8220;.vc_custom_1706624192443{background-image: url(https:\/\/greenf.dk\/wp-content\/uploads\/2019\/08\/field-105146_1920.jpg?id=168) !important;background-position: center !important;background-repeat: no-repeat !important;background-size: cover !important;}&#8220;][vc_column]<div class=\"ult-spacer spacer-69f3000c488b1\" data-id=\"69f3000c488b1\" data-height=\"90\" data-height-mobile=\"60\" data-height-tab=\"90\" data-height-tab-portrait=\"60\" data-height-mobile-landscape=\"60\" style=\"clear:both;display:block;\"><\/div>[vc_row_inner equal_height=&#8220;yes&#8220; content_placement=&#8220;middle&#8220;][vc_column_inner offset=&#8220;vc_col-lg-6 vc_col-md-8 vc_col-xs-12&#8243;][vc_column_text]<\/p>\n<h3>Kontakt GreenF ApS<\/h3>\n<h4>Womit k\u00f6nnen wir Ihnen helfen?<\/h4>\n<p>Erhalten Sie Antworten auf Ihre Fragen oder erfahren Sie mehr dar\u00fcber, was wir f\u00fcr Sie tun k\u00f6nnen.<br \/>\nWir hoffen, von Ihnen zu h\u00f6ren.<br \/>\nRufen Sie uns an unter <a>(+45) 51 52 37 74<\/a> \/ <a>(+45) 25 75 37 74<\/a> oder senden Sie eine E-Mail an <a>kontakt@greenf.dk.<\/a><br \/>\nWir werden Ihre Anfrage so schnell wie m\u00f6glich beantworten.[\/vc_column_text][vc_empty_space height=&#8220;20px&#8220;][vc_btn title=&#8220;Kontaktieren Sie uns hier&#8220; style=&#8220;custom&#8220; custom_background=&#8220;#fc5623&#8243; custom_text=&#8220;#ffffff&#8220; shape=&#8220;square&#8220; link=&#8220;url:https%3A%2F%2Fgreenf.dk%2Fkontakt%2F|title:Kontaktieren%20Sie%20uns|&#8220;]<div class=\"ult-spacer spacer-69f3000c488dc\" data-id=\"69f3000c488dc\" data-height=\"0\" data-height-mobile=\"30\" data-height-tab=\"0\" data-height-tab-portrait=\"30\" data-height-mobile-landscape=\"30\" style=\"clear:both;display:block;\"><\/div>[\/vc_column_inner][vc_column_inner offset=&#8220;vc_col-lg-6 vc_col-md-4 vc_col-xs-12&#8243;][vc_raw_html]W2Zvcm1pbmF0b3JfZm9ybSBpZD0iNjYiXQ==[\/vc_raw_html][\/vc_column_inner][\/vc_row_inner]<div class=\"ult-spacer spacer-69f3000c48909\" data-id=\"69f3000c48909\" data-height=\"90\" data-height-mobile=\"60\" data-height-tab=\"90\" data-height-tab-portrait=\"60\" data-height-mobile-landscape=\"60\" style=\"clear:both;display:block;\"><\/div>[\/vc_column][\/vc_row]<\/p>\n<\/div>","protected":false},"excerpt":{"rendered":"<p>[vc_row full_width=&#8220;stretch_row&#8220;][vc_column][vc_row_inner][vc_column_inner offset=&#8220;vc_col-lg-1 vc_col-md-1 vc_col-xs-12&#8243;][\/vc_column_inner][vc_column_inner offset=&#8220;vc_col-lg-10 vc_col-md-10 vc_col-xs-12&#8243;][vc_column_text] GreenF Flat C\/N Batterie. Pflanzeng\u00fclle wird in einem G\u00fclletank hergestellt. Kurz gesagt, Biomassen wie Kleegras, Zwischenfr\u00fcchte usw. werden mit unseren einzigartigen Mikroorganismen und Wasser vermischt. Pflanzeng\u00fclle ist eine frei flie\u00dfende G\u00fclle mit einem Gehalt von 4,0 kg N\/Tonne und einem PH-Wert unter 6,0. Die N-Verwertung liegt bei &#8230; <a title=\"GreenF Flat C\/N Battery &#8211; Kohlenstoffsequestrierung &#8211; Carbon Farming\" class=\"read-more\" href=\"https:\/\/greenf.dk\/de\/produzieren-sie-ihren-eigenen-stickstoff\/greenf-flat-c-n-battery-kohlenstoffsequestrierung-carbon-farming\/\" aria-label=\"Mehr Informationen \u00fcber GreenF Flat C\/N Battery &#8211; Kohlenstoffsequestrierung &#8211; Carbon Farming\">Weiterlesen &#8230;<\/a><\/p>\n","protected":false},"author":6,"featured_media":0,"parent":5171,"menu_order":19,"comment_status":"closed","ping_status":"closed","template":"","meta":{"_acf_changed":false,"footnotes":""},"categories":[],"class_list":["post-5215","page","type-page","status-publish"],"acf":[],"yoast_head":"<!-- This site is optimized with the Yoast SEO plugin v26.8 - https:\/\/yoast.com\/product\/yoast-seo-wordpress\/ -->\n<title>Carbon Farming: Verbesserter Boden und Stickstofffixierung | GreenF ApS<\/title>\n<meta name=\"description\" content=\"Effizienter Kohlenstoffanbau durch GreenF ApS. Unsere Mikroben verbessern die Bodenfruchtbarkeit durch die Bindung von Kohlenstoff und Stickstoff in Deckfr\u00fcchten.\" \/>\n<meta name=\"robots\" content=\"index, follow, max-snippet:-1, max-image-preview:large, max-video-preview:-1\" \/>\n<link rel=\"canonical\" href=\"https:\/\/greenf.dk\/de\/produzieren-sie-ihren-eigenen-stickstoff\/greenf-flat-c-n-battery-kohlenstoffsequestrierung-carbon-farming\/\" \/>\n<meta property=\"og:locale\" content=\"de_DE\" \/>\n<meta property=\"og:type\" content=\"article\" \/>\n<meta property=\"og:title\" content=\"Carbon Farming: Verbesserter Boden und Stickstofffixierung | GreenF ApS\" \/>\n<meta property=\"og:description\" content=\"Effizienter Kohlenstoffanbau durch GreenF ApS. Unsere Mikroben verbessern die Bodenfruchtbarkeit durch die Bindung von Kohlenstoff und Stickstoff in Deckfr\u00fcchten.\" \/>\n<meta property=\"og:url\" content=\"https:\/\/greenf.dk\/de\/produzieren-sie-ihren-eigenen-stickstoff\/greenf-flat-c-n-battery-kohlenstoffsequestrierung-carbon-farming\/\" \/>\n<meta property=\"og:site_name\" content=\"GreenF ApS\" \/>\n<meta property=\"article:modified_time\" content=\"2025-06-18T08:00:41+00:00\" \/>\n<meta name=\"twitter:card\" content=\"summary_large_image\" \/>\n<meta name=\"twitter:label1\" content=\"Gesch\u00e4tzte Lesezeit\" \/>\n\t<meta name=\"twitter:data1\" content=\"2\u00a0Minuten\" \/>\n<script type=\"application\/ld+json\" class=\"yoast-schema-graph\">{\"@context\":\"https:\/\/schema.org\",\"@graph\":[{\"@type\":\"WebPage\",\"@id\":\"https:\/\/greenf.dk\/de\/produzieren-sie-ihren-eigenen-stickstoff\/greenf-flat-c-n-battery-kohlenstoffsequestrierung-carbon-farming\/\",\"url\":\"https:\/\/greenf.dk\/de\/produzieren-sie-ihren-eigenen-stickstoff\/greenf-flat-c-n-battery-kohlenstoffsequestrierung-carbon-farming\/\",\"name\":\"Carbon Farming: Verbesserter Boden und Stickstofffixierung | GreenF ApS\",\"isPartOf\":{\"@id\":\"https:\/\/greenf.dk\/#website\"},\"datePublished\":\"2024-01-30T13:39:45+00:00\",\"dateModified\":\"2025-06-18T08:00:41+00:00\",\"description\":\"Effizienter Kohlenstoffanbau durch GreenF ApS. Unsere Mikroben verbessern die Bodenfruchtbarkeit durch die Bindung von Kohlenstoff und Stickstoff in Deckfr\u00fcchten.\",\"breadcrumb\":{\"@id\":\"https:\/\/greenf.dk\/de\/produzieren-sie-ihren-eigenen-stickstoff\/greenf-flat-c-n-battery-kohlenstoffsequestrierung-carbon-farming\/#breadcrumb\"},\"inLanguage\":\"de\",\"potentialAction\":[{\"@type\":\"ReadAction\",\"target\":[\"https:\/\/greenf.dk\/de\/produzieren-sie-ihren-eigenen-stickstoff\/greenf-flat-c-n-battery-kohlenstoffsequestrierung-carbon-farming\/\"]}]},{\"@type\":\"BreadcrumbList\",\"@id\":\"https:\/\/greenf.dk\/de\/produzieren-sie-ihren-eigenen-stickstoff\/greenf-flat-c-n-battery-kohlenstoffsequestrierung-carbon-farming\/#breadcrumb\",\"itemListElement\":[{\"@type\":\"ListItem\",\"position\":1,\"name\":\"Hjem\",\"item\":\"https:\/\/greenf.dk\/de\/\"},{\"@type\":\"ListItem\",\"position\":2,\"name\":\"Produzieren Sie Ihren eigenen Stickstoff\",\"item\":\"https:\/\/greenf.dk\/de\/produzieren-sie-ihren-eigenen-stickstoff\/\"},{\"@type\":\"ListItem\",\"position\":3,\"name\":\"GreenF Flat C\/N Battery &#8211; Kohlenstoffsequestrierung &#8211; Carbon Farming\"}]},{\"@type\":\"WebSite\",\"@id\":\"https:\/\/greenf.dk\/#website\",\"url\":\"https:\/\/greenf.dk\/\",\"name\":\"GreenF ApS\",\"description\":\"G\u00f8dning, jordforbedrende mikrober, biostimulanter og \u00f8kologisk g\u00f8dning\",\"publisher\":{\"@id\":\"https:\/\/greenf.dk\/#organization\"},\"potentialAction\":[{\"@type\":\"SearchAction\",\"target\":{\"@type\":\"EntryPoint\",\"urlTemplate\":\"https:\/\/greenf.dk\/?s={search_term_string}\"},\"query-input\":{\"@type\":\"PropertyValueSpecification\",\"valueRequired\":true,\"valueName\":\"search_term_string\"}}],\"inLanguage\":\"de\"},{\"@type\":\"Organization\",\"@id\":\"https:\/\/greenf.dk\/#organization\",\"name\":\"GreenF ApS\",\"url\":\"https:\/\/greenf.dk\/\",\"logo\":{\"@type\":\"ImageObject\",\"inLanguage\":\"de\",\"@id\":\"https:\/\/greenf.dk\/#\/schema\/logo\/image\/\",\"url\":\"https:\/\/greenf.dk\/wp-content\/uploads\/2023\/02\/greenF-logo-hvid-baggrund_1-1.svg\",\"contentUrl\":\"https:\/\/greenf.dk\/wp-content\/uploads\/2023\/02\/greenF-logo-hvid-baggrund_1-1.svg\",\"width\":1119,\"height\":510,\"caption\":\"GreenF ApS\"},\"image\":{\"@id\":\"https:\/\/greenf.dk\/#\/schema\/logo\/image\/\"}}]}<\/script>\n<!-- \/ Yoast SEO plugin. -->","yoast_head_json":{"title":"Carbon Farming: Verbesserter Boden und Stickstofffixierung | GreenF ApS","description":"Effizienter Kohlenstoffanbau durch GreenF ApS. Unsere Mikroben verbessern die Bodenfruchtbarkeit durch die Bindung von Kohlenstoff und Stickstoff in Deckfr\u00fcchten.","robots":{"index":"index","follow":"follow","max-snippet":"max-snippet:-1","max-image-preview":"max-image-preview:large","max-video-preview":"max-video-preview:-1"},"canonical":"https:\/\/greenf.dk\/de\/produzieren-sie-ihren-eigenen-stickstoff\/greenf-flat-c-n-battery-kohlenstoffsequestrierung-carbon-farming\/","og_locale":"de_DE","og_type":"article","og_title":"Carbon Farming: Verbesserter Boden und Stickstofffixierung | GreenF ApS","og_description":"Effizienter Kohlenstoffanbau durch GreenF ApS. Unsere Mikroben verbessern die Bodenfruchtbarkeit durch die Bindung von Kohlenstoff und Stickstoff in Deckfr\u00fcchten.","og_url":"https:\/\/greenf.dk\/de\/produzieren-sie-ihren-eigenen-stickstoff\/greenf-flat-c-n-battery-kohlenstoffsequestrierung-carbon-farming\/","og_site_name":"GreenF ApS","article_modified_time":"2025-06-18T08:00:41+00:00","twitter_card":"summary_large_image","twitter_misc":{"Gesch\u00e4tzte Lesezeit":"2\u00a0Minuten"},"schema":{"@context":"https:\/\/schema.org","@graph":[{"@type":"WebPage","@id":"https:\/\/greenf.dk\/de\/produzieren-sie-ihren-eigenen-stickstoff\/greenf-flat-c-n-battery-kohlenstoffsequestrierung-carbon-farming\/","url":"https:\/\/greenf.dk\/de\/produzieren-sie-ihren-eigenen-stickstoff\/greenf-flat-c-n-battery-kohlenstoffsequestrierung-carbon-farming\/","name":"Carbon Farming: Verbesserter Boden und Stickstofffixierung | GreenF ApS","isPartOf":{"@id":"https:\/\/greenf.dk\/#website"},"datePublished":"2024-01-30T13:39:45+00:00","dateModified":"2025-06-18T08:00:41+00:00","description":"Effizienter Kohlenstoffanbau durch GreenF ApS. Unsere Mikroben verbessern die Bodenfruchtbarkeit durch die Bindung von Kohlenstoff und Stickstoff in Deckfr\u00fcchten.","breadcrumb":{"@id":"https:\/\/greenf.dk\/de\/produzieren-sie-ihren-eigenen-stickstoff\/greenf-flat-c-n-battery-kohlenstoffsequestrierung-carbon-farming\/#breadcrumb"},"inLanguage":"de","potentialAction":[{"@type":"ReadAction","target":["https:\/\/greenf.dk\/de\/produzieren-sie-ihren-eigenen-stickstoff\/greenf-flat-c-n-battery-kohlenstoffsequestrierung-carbon-farming\/"]}]},{"@type":"BreadcrumbList","@id":"https:\/\/greenf.dk\/de\/produzieren-sie-ihren-eigenen-stickstoff\/greenf-flat-c-n-battery-kohlenstoffsequestrierung-carbon-farming\/#breadcrumb","itemListElement":[{"@type":"ListItem","position":1,"name":"Hjem","item":"https:\/\/greenf.dk\/de\/"},{"@type":"ListItem","position":2,"name":"Produzieren Sie Ihren eigenen Stickstoff","item":"https:\/\/greenf.dk\/de\/produzieren-sie-ihren-eigenen-stickstoff\/"},{"@type":"ListItem","position":3,"name":"GreenF Flat C\/N Battery &#8211; Kohlenstoffsequestrierung &#8211; Carbon Farming"}]},{"@type":"WebSite","@id":"https:\/\/greenf.dk\/#website","url":"https:\/\/greenf.dk\/","name":"GreenF ApS","description":"G\u00f8dning, jordforbedrende mikrober, biostimulanter og \u00f8kologisk g\u00f8dning","publisher":{"@id":"https:\/\/greenf.dk\/#organization"},"potentialAction":[{"@type":"SearchAction","target":{"@type":"EntryPoint","urlTemplate":"https:\/\/greenf.dk\/?s={search_term_string}"},"query-input":{"@type":"PropertyValueSpecification","valueRequired":true,"valueName":"search_term_string"}}],"inLanguage":"de"},{"@type":"Organization","@id":"https:\/\/greenf.dk\/#organization","name":"GreenF ApS","url":"https:\/\/greenf.dk\/","logo":{"@type":"ImageObject","inLanguage":"de","@id":"https:\/\/greenf.dk\/#\/schema\/logo\/image\/","url":"https:\/\/greenf.dk\/wp-content\/uploads\/2023\/02\/greenF-logo-hvid-baggrund_1-1.svg","contentUrl":"https:\/\/greenf.dk\/wp-content\/uploads\/2023\/02\/greenF-logo-hvid-baggrund_1-1.svg","width":1119,"height":510,"caption":"GreenF ApS"},"image":{"@id":"https:\/\/greenf.dk\/#\/schema\/logo\/image\/"}}]}},"_links":{"self":[{"href":"https:\/\/greenf.dk\/de\/wp-json\/wp\/v2\/pages\/5215","targetHints":{"allow":["GET"]}}],"collection":[{"href":"https:\/\/greenf.dk\/de\/wp-json\/wp\/v2\/pages"}],"about":[{"href":"https:\/\/greenf.dk\/de\/wp-json\/wp\/v2\/types\/page"}],"author":[{"embeddable":true,"href":"https:\/\/greenf.dk\/de\/wp-json\/wp\/v2\/users\/6"}],"replies":[{"embeddable":true,"href":"https:\/\/greenf.dk\/de\/wp-json\/wp\/v2\/comments?post=5215"}],"version-history":[{"count":5,"href":"https:\/\/greenf.dk\/de\/wp-json\/wp\/v2\/pages\/5215\/revisions"}],"predecessor-version":[{"id":5700,"href":"https:\/\/greenf.dk\/de\/wp-json\/wp\/v2\/pages\/5215\/revisions\/5700"}],"up":[{"embeddable":true,"href":"https:\/\/greenf.dk\/de\/wp-json\/wp\/v2\/pages\/5171"}],"wp:attachment":[{"href":"https:\/\/greenf.dk\/de\/wp-json\/wp\/v2\/media?parent=5215"}],"wp:term":[{"taxonomy":"category","embeddable":true,"href":"https:\/\/greenf.dk\/de\/wp-json\/wp\/v2\/categories?post=5215"}],"curies":[{"name":"wp","href":"https:\/\/api.w.org\/{rel}","templated":true}]}}