{"id":5213,"date":"2024-01-30T14:25:52","date_gmt":"2024-01-30T13:25:52","guid":{"rendered":"https:\/\/greenf.dk\/duerre-2023\/"},"modified":"2025-06-18T09:58:28","modified_gmt":"2025-06-18T07:58:28","slug":"duerre-2023","status":"publish","type":"page","link":"https:\/\/greenf.dk\/de\/duerre-2023\/","title":{"rendered":"D\u00fcrre 2023"},"content":{"rendered":"<div class=\"wpb-content-wrapper\"><p>[vc_row full_width=&#8220;stretch_row&#8220;][vc_column]<div class=\"ult-spacer spacer-69f30b70a65ef\" data-id=\"69f30b70a65ef\" data-height=\"90\" data-height-mobile=\"60\" data-height-tab=\"90\" data-height-tab-portrait=\"60\" data-height-mobile-landscape=\"60\" style=\"clear:both;display:block;\"><\/div>[vc_row_inner][vc_column_inner offset=&#8220;vc_col-lg-1 vc_col-md-1 vc_col-xs-12&#8243;][\/vc_column_inner][vc_column_inner offset=&#8220;vc_col-lg-10 vc_col-md-10 vc_col-xs-12&#8243;][vc_column_text css=&#8220;&#8220;]<\/p>\n<h1 style=\"text-align: center;\">Schaffen Sie die besten Bedingungen f\u00fcr Ihre Pflanzen im Jahr 2024<\/h1>\n<p>[\/vc_column_text][\/vc_column_inner][vc_column_inner offset=&#8220;vc_col-lg-1 vc_col-md-1 vc_col-xs-12&#8243;][\/vc_column_inner][\/vc_row_inner][\/vc_column][\/vc_row][vc_row full_width=&#8220;stretch_row&#8220;][vc_column]<div class=\"ult-spacer spacer-69f30b70a663e\" data-id=\"69f30b70a663e\" data-height=\"90\" data-height-mobile=\"60\" data-height-tab=\"90\" data-height-tab-portrait=\"60\" data-height-mobile-landscape=\"60\" style=\"clear:both;display:block;\"><\/div>[vc_row_inner equal_height=&#8220;yes&#8220; css=&#8220;.vc_custom_1610367712581{margin-right: 0px !important;margin-left: 0px !important;}&#8220;][vc_column_inner el_class=&#8220;small-stretch&#8220; css=&#8220;.vc_custom_1706688537919{background-color: #f7f7f7 !important;}&#8220; offset=&#8220;vc_col-lg-6 vc_col-md-6 vc_col-xs-12&#8243;][vc_video link=&#8220;https:\/\/www.youtube.com\/watch?v=BmZg9ybe62g&amp;t=90s&#8220; css=&#8220;&#8220;][vc_empty_space height=&#8220;15px&#8220;][vc_column_text css=&#8220;&#8220;]Dr. Elaine&#8217;s Soil Food Web School <strong>GreenF Microbes ist ein Mikrobensaft <\/strong><strong>(Kompost\/Mulchtee)<\/strong><strong style=\"font-size: inherit;\"> aus lebenden nat\u00fcrlichen und organischen Mikroorganismen. <\/strong><strong>Bringen Sie<\/strong><strong>25 Liter\/ha <\/strong><strong>mit<\/strong> und stellen Sie ein Millionen Jahre altes Naturdesign mit intelligenter Symbiose wieder her.<br \/>\nEin Millionen Jahre altes Naturdesign mit einer intelligenten Symbiose zwischen Pflanzen und Mikroben.[\/vc_column_text][\/vc_column_inner][vc_column_inner css=&#8220;.vc_custom_1712857077182{background-image: url(https:\/\/greenf.dk\/wp-content\/uploads\/2023\/02\/0-1.jpg?id=1021) !important;background-position: center !important;background-repeat: no-repeat !important;background-size: cover !important;}&#8220; offset=&#8220;vc_col-lg-6 vc_col-md-6 vc_col-xs-12&#8243;]<div class=\"ult-spacer spacer-69f30b70a6678\" data-id=\"69f30b70a6678\" data-height=\"0\" data-height-mobile=\"200\" data-height-tab=\"0\" data-height-tab-portrait=\"300\" data-height-mobile-landscape=\"250\" style=\"clear:both;display:block;\"><\/div>[\/vc_column_inner][\/vc_row_inner][vc_row_inner equal_height=&#8220;yes&#8220; css=&#8220;.vc_custom_1706688396072{margin-right: 0px !important;margin-left: 0px !important;}&#8220; el_class=&#8220;reverse&#8220;][vc_column_inner css=&#8220;.vc_custom_1712857088181{background-image: url(https:\/\/greenf.dk\/wp-content\/uploads\/2023\/02\/agriculture-g302454e42-1920.jpg?id=1120) !important;background-position: center !important;background-repeat: no-repeat !important;background-size: cover !important;}&#8220; offset=&#8220;vc_col-lg-6 vc_col-md-6 vc_col-xs-12&#8243;]<div class=\"ult-spacer spacer-69f30b70a669f\" data-id=\"69f30b70a669f\" data-height=\"0\" data-height-mobile=\"200\" data-height-tab=\"0\" data-height-tab-portrait=\"300\" data-height-mobile-landscape=\"250\" style=\"clear:both;display:block;\"><\/div>[\/vc_column_inner][vc_column_inner el_class=&#8220;small-stretch&#8220; css=&#8220;.vc_custom_1706688542731{background-color: #f7f7f7 !important;}&#8220; offset=&#8220;vc_col-lg-6 vc_col-md-6 vc_col-xs-12&#8243;][vc_column_text]<\/p>\n<h4>WIE MAN ES MACHT<\/h4>\n<p>Weisen Sie GreenF Microbes bei feuchtem Wetter 25 Liter in 300 Liter Wasser \/Ha gespr\u00fcht zu.<br \/>\nJetzt bestellen&#8230;.<br \/>\n14 Tage Lieferzeit.<br \/>\nTel:<a href=\"mailto:Kontakt@greenf.dk\">51523774Kontakt@greenf.dk<\/a>[\/vc_column_text][\/vc_column_inner][\/vc_row_inner]<div class=\"ult-spacer spacer-69f30b70a66c1\" data-id=\"69f30b70a66c1\" data-height=\"90\" data-height-mobile=\"60\" data-height-tab=\"90\" data-height-tab-portrait=\"60\" data-height-mobile-landscape=\"60\" style=\"clear:both;display:block;\"><\/div>[\/vc_column][\/vc_row][vc_row full_width=&#8220;stretch_row&#8220; el_class=&#8220;overlay white cta parallax&#8220; css=&#8220;.vc_custom_1706624192443{background-image: url(https:\/\/greenf.dk\/wp-content\/uploads\/2019\/08\/field-105146_1920.jpg?id=168) !important;background-position: center !important;background-repeat: no-repeat !important;background-size: cover !important;}&#8220;][vc_column]<div class=\"ult-spacer spacer-69f30b70a66e1\" data-id=\"69f30b70a66e1\" data-height=\"90\" data-height-mobile=\"60\" data-height-tab=\"90\" data-height-tab-portrait=\"60\" data-height-mobile-landscape=\"60\" style=\"clear:both;display:block;\"><\/div>[vc_row_inner equal_height=&#8220;yes&#8220; content_placement=&#8220;middle&#8220;][vc_column_inner offset=&#8220;vc_col-lg-6 vc_col-md-8 vc_col-xs-12&#8243;][vc_column_text]<\/p>\n<h3>Kontakt GreenF ApS<\/h3>\n<h4>Womit k\u00f6nnen wir Ihnen helfen?<\/h4>\n<p>Erhalten Sie Antworten auf Ihre Fragen oder erfahren Sie mehr dar\u00fcber, was wir f\u00fcr Sie tun k\u00f6nnen.<br \/>\nWir hoffen, von Ihnen zu h\u00f6ren.<br \/>\nRufen Sie uns an unter <a>(+45) 51 52 37 74<\/a> \/ <a>(+45) 25 75 37 74<\/a> oder senden Sie eine E-Mail an <a>kontakt@greenf.dk.<\/a><br \/>\nWir werden Ihre Anfrage so schnell wie m\u00f6glich beantworten.[\/vc_column_text][vc_empty_space height=&#8220;20px&#8220;][vc_btn title=&#8220;Kontaktieren Sie uns hier&#8220; style=&#8220;custom&#8220; custom_background=&#8220;#fc5623&#8243; custom_text=&#8220;#ffffff&#8220; shape=&#8220;square&#8220; link=&#8220;url:https%3A%2F%2Fgreenf.dk%2Fde%2Fkontaktieren-sie-uns%2F|title:Kontaktieren%20Sie%20uns|&#8220;]<div class=\"ult-spacer spacer-69f30b70a6701\" data-id=\"69f30b70a6701\" data-height=\"0\" data-height-mobile=\"30\" data-height-tab=\"0\" data-height-tab-portrait=\"30\" data-height-mobile-landscape=\"30\" style=\"clear:both;display:block;\"><\/div>[\/vc_column_inner][vc_column_inner offset=&#8220;vc_col-lg-6 vc_col-md-4 vc_col-xs-12&#8243;][vc_raw_html]W2Zvcm1pbmF0b3JfZm9ybSBpZD0iNjYiXQ==[\/vc_raw_html][\/vc_column_inner][\/vc_row_inner]<div class=\"ult-spacer spacer-69f30b70a6727\" data-id=\"69f30b70a6727\" data-height=\"90\" data-height-mobile=\"60\" data-height-tab=\"90\" data-height-tab-portrait=\"60\" data-height-mobile-landscape=\"60\" style=\"clear:both;display:block;\"><\/div>[\/vc_column][\/vc_row]<\/p>\n<\/div>","protected":false},"excerpt":{"rendered":"<p>[vc_row full_width=&#8220;stretch_row&#8220;][vc_column][vc_row_inner][vc_column_inner offset=&#8220;vc_col-lg-1 vc_col-md-1 vc_col-xs-12&#8243;][\/vc_column_inner][vc_column_inner offset=&#8220;vc_col-lg-10 vc_col-md-10 vc_col-xs-12&#8243;][vc_column_text css=&#8220;&#8220;] Schaffen Sie die besten Bedingungen f\u00fcr Ihre Pflanzen im Jahr 2024 [\/vc_column_text][\/vc_column_inner][vc_column_inner offset=&#8220;vc_col-lg-1 vc_col-md-1 vc_col-xs-12&#8243;][\/vc_column_inner][\/vc_row_inner][\/vc_column][\/vc_row][vc_row full_width=&#8220;stretch_row&#8220;][vc_column][vc_row_inner equal_height=&#8220;yes&#8220; css=&#8220;.vc_custom_1610367712581{margin-right: 0px !important;margin-left: 0px !important;}&#8220;][vc_column_inner el_class=&#8220;small-stretch&#8220; css=&#8220;.vc_custom_1706688537919{background-color: #f7f7f7 !important;}&#8220; offset=&#8220;vc_col-lg-6 vc_col-md-6 vc_col-xs-12&#8243;][vc_video link=&#8220;https:\/\/www.youtube.com\/watch?v=BmZg9ybe62g&amp;t=90s&#8220; css=&#8220;&#8220;][vc_empty_space height=&#8220;15px&#8220;][vc_column_text css=&#8220;&#8220;]Dr. Elaine&#8217;s Soil Food Web School GreenF Microbes ist ein Mikrobensaft (Kompost\/Mulchtee) aus lebenden &#8230; <a title=\"D\u00fcrre 2023\" class=\"read-more\" href=\"https:\/\/greenf.dk\/de\/duerre-2023\/\" aria-label=\"Mehr Informationen \u00fcber D\u00fcrre 2023\">Weiterlesen &#8230;<\/a><\/p>\n","protected":false},"author":6,"featured_media":5079,"parent":0,"menu_order":3,"comment_status":"closed","ping_status":"closed","template":"","meta":{"_acf_changed":false,"footnotes":""},"categories":[],"class_list":["post-5213","page","type-page","status-publish","has-post-thumbnail"],"acf":[],"yoast_head":"<!-- This site is optimized with the Yoast SEO plugin v26.8 - https:\/\/yoast.com\/product\/yoast-seo-wordpress\/ -->\n<title>D\u00fcrre 2023 | GreenF ApS<\/title>\n<meta name=\"robots\" content=\"index, follow, max-snippet:-1, max-image-preview:large, max-video-preview:-1\" \/>\n<link rel=\"canonical\" href=\"https:\/\/greenf.dk\/de\/duerre-2023\/\" \/>\n<meta property=\"og:locale\" content=\"de_DE\" \/>\n<meta property=\"og:type\" content=\"article\" \/>\n<meta property=\"og:title\" content=\"D\u00fcrre 2023 | GreenF ApS\" \/>\n<meta property=\"og:description\" content=\"[vc_row full_width=&#8220;stretch_row&#8220;][vc_column][vc_row_inner][vc_column_inner offset=&#8220;vc_col-lg-1 vc_col-md-1 vc_col-xs-12&#8243;][\/vc_column_inner][vc_column_inner offset=&#8220;vc_col-lg-10 vc_col-md-10 vc_col-xs-12&#8243;][vc_column_text css=&#8220;&#8220;] Schaffen Sie die besten Bedingungen f\u00fcr Ihre Pflanzen im Jahr 2024 [\/vc_column_text][\/vc_column_inner][vc_column_inner offset=&#8220;vc_col-lg-1 vc_col-md-1 vc_col-xs-12&#8243;][\/vc_column_inner][\/vc_row_inner][\/vc_column][\/vc_row][vc_row full_width=&#8220;stretch_row&#8220;][vc_column][vc_row_inner equal_height=&#8220;yes&#8220; css=&#8220;.vc_custom_1610367712581{margin-right: 0px !important;margin-left: 0px !important;}&#8220;][vc_column_inner el_class=&#8220;small-stretch&#8220; css=&#8220;.vc_custom_1706688537919{background-color: #f7f7f7 !important;}&#8220; offset=&#8220;vc_col-lg-6 vc_col-md-6 vc_col-xs-12&#8243;][vc_video link=&#8220;https:\/\/www.youtube.com\/watch?v=BmZg9ybe62g&amp;t=90s&#8220; css=&#8220;&#8220;][vc_empty_space height=&#8220;15px&#8220;][vc_column_text css=&#8220;&#8220;]Dr. Elaine&#8217;s Soil Food Web School GreenF Microbes ist ein Mikrobensaft (Kompost\/Mulchtee) aus lebenden ... Weiterlesen ...\" \/>\n<meta property=\"og:url\" content=\"https:\/\/greenf.dk\/de\/duerre-2023\/\" \/>\n<meta property=\"og:site_name\" content=\"GreenF ApS\" \/>\n<meta property=\"article:modified_time\" content=\"2025-06-18T07:58:28+00:00\" \/>\n<meta property=\"og:image\" content=\"https:\/\/greenf.dk\/wp-content\/uploads\/2024\/04\/toerke.jpg\" \/>\n\t<meta property=\"og:image:width\" content=\"784\" \/>\n\t<meta property=\"og:image:height\" content=\"441\" \/>\n\t<meta property=\"og:image:type\" content=\"image\/jpeg\" \/>\n<meta name=\"twitter:card\" content=\"summary_large_image\" \/>\n<meta name=\"twitter:label1\" content=\"Gesch\u00e4tzte Lesezeit\" \/>\n\t<meta name=\"twitter:data1\" content=\"3\u00a0Minuten\" \/>\n<script type=\"application\/ld+json\" class=\"yoast-schema-graph\">{\"@context\":\"https:\/\/schema.org\",\"@graph\":[{\"@type\":\"WebPage\",\"@id\":\"https:\/\/greenf.dk\/de\/duerre-2023\/\",\"url\":\"https:\/\/greenf.dk\/de\/duerre-2023\/\",\"name\":\"D\u00fcrre 2023 | GreenF ApS\",\"isPartOf\":{\"@id\":\"https:\/\/greenf.dk\/#website\"},\"primaryImageOfPage\":{\"@id\":\"https:\/\/greenf.dk\/de\/duerre-2023\/#primaryimage\"},\"image\":{\"@id\":\"https:\/\/greenf.dk\/de\/duerre-2023\/#primaryimage\"},\"thumbnailUrl\":\"https:\/\/greenf.dk\/wp-content\/uploads\/2023\/02\/agriculture-g302454e42-1920.jpg\",\"datePublished\":\"2024-01-30T13:25:52+00:00\",\"dateModified\":\"2025-06-18T07:58:28+00:00\",\"breadcrumb\":{\"@id\":\"https:\/\/greenf.dk\/de\/duerre-2023\/#breadcrumb\"},\"inLanguage\":\"de\",\"potentialAction\":[{\"@type\":\"ReadAction\",\"target\":[\"https:\/\/greenf.dk\/de\/duerre-2023\/\"]}]},{\"@type\":\"ImageObject\",\"inLanguage\":\"de\",\"@id\":\"https:\/\/greenf.dk\/de\/duerre-2023\/#primaryimage\",\"url\":\"https:\/\/greenf.dk\/wp-content\/uploads\/2023\/02\/agriculture-g302454e42-1920.jpg\",\"contentUrl\":\"https:\/\/greenf.dk\/wp-content\/uploads\/2023\/02\/agriculture-g302454e42-1920.jpg\",\"width\":1920,\"height\":1280},{\"@type\":\"BreadcrumbList\",\"@id\":\"https:\/\/greenf.dk\/de\/duerre-2023\/#breadcrumb\",\"itemListElement\":[{\"@type\":\"ListItem\",\"position\":1,\"name\":\"Hjem\",\"item\":\"https:\/\/greenf.dk\/de\/\"},{\"@type\":\"ListItem\",\"position\":2,\"name\":\"D\u00fcrre 2023\"}]},{\"@type\":\"WebSite\",\"@id\":\"https:\/\/greenf.dk\/#website\",\"url\":\"https:\/\/greenf.dk\/\",\"name\":\"GreenF ApS\",\"description\":\"G\u00f8dning, jordforbedrende mikrober, biostimulanter og \u00f8kologisk g\u00f8dning\",\"publisher\":{\"@id\":\"https:\/\/greenf.dk\/#organization\"},\"potentialAction\":[{\"@type\":\"SearchAction\",\"target\":{\"@type\":\"EntryPoint\",\"urlTemplate\":\"https:\/\/greenf.dk\/?s={search_term_string}\"},\"query-input\":{\"@type\":\"PropertyValueSpecification\",\"valueRequired\":true,\"valueName\":\"search_term_string\"}}],\"inLanguage\":\"de\"},{\"@type\":\"Organization\",\"@id\":\"https:\/\/greenf.dk\/#organization\",\"name\":\"GreenF ApS\",\"url\":\"https:\/\/greenf.dk\/\",\"logo\":{\"@type\":\"ImageObject\",\"inLanguage\":\"de\",\"@id\":\"https:\/\/greenf.dk\/#\/schema\/logo\/image\/\",\"url\":\"https:\/\/greenf.dk\/wp-content\/uploads\/2023\/02\/greenF-logo-hvid-baggrund_1-1.svg\",\"contentUrl\":\"https:\/\/greenf.dk\/wp-content\/uploads\/2023\/02\/greenF-logo-hvid-baggrund_1-1.svg\",\"width\":1119,\"height\":510,\"caption\":\"GreenF ApS\"},\"image\":{\"@id\":\"https:\/\/greenf.dk\/#\/schema\/logo\/image\/\"}}]}<\/script>\n<!-- \/ Yoast SEO plugin. -->","yoast_head_json":{"title":"D\u00fcrre 2023 | GreenF ApS","robots":{"index":"index","follow":"follow","max-snippet":"max-snippet:-1","max-image-preview":"max-image-preview:large","max-video-preview":"max-video-preview:-1"},"canonical":"https:\/\/greenf.dk\/de\/duerre-2023\/","og_locale":"de_DE","og_type":"article","og_title":"D\u00fcrre 2023 | GreenF ApS","og_description":"[vc_row full_width=&#8220;stretch_row&#8220;][vc_column][vc_row_inner][vc_column_inner offset=&#8220;vc_col-lg-1 vc_col-md-1 vc_col-xs-12&#8243;][\/vc_column_inner][vc_column_inner offset=&#8220;vc_col-lg-10 vc_col-md-10 vc_col-xs-12&#8243;][vc_column_text css=&#8220;&#8220;] Schaffen Sie die besten Bedingungen f\u00fcr Ihre Pflanzen im Jahr 2024 [\/vc_column_text][\/vc_column_inner][vc_column_inner offset=&#8220;vc_col-lg-1 vc_col-md-1 vc_col-xs-12&#8243;][\/vc_column_inner][\/vc_row_inner][\/vc_column][\/vc_row][vc_row full_width=&#8220;stretch_row&#8220;][vc_column][vc_row_inner equal_height=&#8220;yes&#8220; css=&#8220;.vc_custom_1610367712581{margin-right: 0px !important;margin-left: 0px !important;}&#8220;][vc_column_inner el_class=&#8220;small-stretch&#8220; css=&#8220;.vc_custom_1706688537919{background-color: #f7f7f7 !important;}&#8220; offset=&#8220;vc_col-lg-6 vc_col-md-6 vc_col-xs-12&#8243;][vc_video link=&#8220;https:\/\/www.youtube.com\/watch?v=BmZg9ybe62g&amp;t=90s&#8220; css=&#8220;&#8220;][vc_empty_space height=&#8220;15px&#8220;][vc_column_text css=&#8220;&#8220;]Dr. Elaine&#8217;s Soil Food Web School GreenF Microbes ist ein Mikrobensaft (Kompost\/Mulchtee) aus lebenden ... Weiterlesen ...","og_url":"https:\/\/greenf.dk\/de\/duerre-2023\/","og_site_name":"GreenF ApS","article_modified_time":"2025-06-18T07:58:28+00:00","og_image":[{"width":784,"height":441,"url":"https:\/\/greenf.dk\/wp-content\/uploads\/2024\/04\/toerke.jpg","type":"image\/jpeg"}],"twitter_card":"summary_large_image","twitter_misc":{"Gesch\u00e4tzte Lesezeit":"3\u00a0Minuten"},"schema":{"@context":"https:\/\/schema.org","@graph":[{"@type":"WebPage","@id":"https:\/\/greenf.dk\/de\/duerre-2023\/","url":"https:\/\/greenf.dk\/de\/duerre-2023\/","name":"D\u00fcrre 2023 | GreenF ApS","isPartOf":{"@id":"https:\/\/greenf.dk\/#website"},"primaryImageOfPage":{"@id":"https:\/\/greenf.dk\/de\/duerre-2023\/#primaryimage"},"image":{"@id":"https:\/\/greenf.dk\/de\/duerre-2023\/#primaryimage"},"thumbnailUrl":"https:\/\/greenf.dk\/wp-content\/uploads\/2023\/02\/agriculture-g302454e42-1920.jpg","datePublished":"2024-01-30T13:25:52+00:00","dateModified":"2025-06-18T07:58:28+00:00","breadcrumb":{"@id":"https:\/\/greenf.dk\/de\/duerre-2023\/#breadcrumb"},"inLanguage":"de","potentialAction":[{"@type":"ReadAction","target":["https:\/\/greenf.dk\/de\/duerre-2023\/"]}]},{"@type":"ImageObject","inLanguage":"de","@id":"https:\/\/greenf.dk\/de\/duerre-2023\/#primaryimage","url":"https:\/\/greenf.dk\/wp-content\/uploads\/2023\/02\/agriculture-g302454e42-1920.jpg","contentUrl":"https:\/\/greenf.dk\/wp-content\/uploads\/2023\/02\/agriculture-g302454e42-1920.jpg","width":1920,"height":1280},{"@type":"BreadcrumbList","@id":"https:\/\/greenf.dk\/de\/duerre-2023\/#breadcrumb","itemListElement":[{"@type":"ListItem","position":1,"name":"Hjem","item":"https:\/\/greenf.dk\/de\/"},{"@type":"ListItem","position":2,"name":"D\u00fcrre 2023"}]},{"@type":"WebSite","@id":"https:\/\/greenf.dk\/#website","url":"https:\/\/greenf.dk\/","name":"GreenF ApS","description":"G\u00f8dning, jordforbedrende mikrober, biostimulanter og \u00f8kologisk g\u00f8dning","publisher":{"@id":"https:\/\/greenf.dk\/#organization"},"potentialAction":[{"@type":"SearchAction","target":{"@type":"EntryPoint","urlTemplate":"https:\/\/greenf.dk\/?s={search_term_string}"},"query-input":{"@type":"PropertyValueSpecification","valueRequired":true,"valueName":"search_term_string"}}],"inLanguage":"de"},{"@type":"Organization","@id":"https:\/\/greenf.dk\/#organization","name":"GreenF ApS","url":"https:\/\/greenf.dk\/","logo":{"@type":"ImageObject","inLanguage":"de","@id":"https:\/\/greenf.dk\/#\/schema\/logo\/image\/","url":"https:\/\/greenf.dk\/wp-content\/uploads\/2023\/02\/greenF-logo-hvid-baggrund_1-1.svg","contentUrl":"https:\/\/greenf.dk\/wp-content\/uploads\/2023\/02\/greenF-logo-hvid-baggrund_1-1.svg","width":1119,"height":510,"caption":"GreenF ApS"},"image":{"@id":"https:\/\/greenf.dk\/#\/schema\/logo\/image\/"}}]}},"_links":{"self":[{"href":"https:\/\/greenf.dk\/de\/wp-json\/wp\/v2\/pages\/5213","targetHints":{"allow":["GET"]}}],"collection":[{"href":"https:\/\/greenf.dk\/de\/wp-json\/wp\/v2\/pages"}],"about":[{"href":"https:\/\/greenf.dk\/de\/wp-json\/wp\/v2\/types\/page"}],"author":[{"embeddable":true,"href":"https:\/\/greenf.dk\/de\/wp-json\/wp\/v2\/users\/6"}],"replies":[{"embeddable":true,"href":"https:\/\/greenf.dk\/de\/wp-json\/wp\/v2\/comments?post=5213"}],"version-history":[{"count":9,"href":"https:\/\/greenf.dk\/de\/wp-json\/wp\/v2\/pages\/5213\/revisions"}],"predecessor-version":[{"id":5697,"href":"https:\/\/greenf.dk\/de\/wp-json\/wp\/v2\/pages\/5213\/revisions\/5697"}],"wp:featuredmedia":[{"embeddable":true,"href":"https:\/\/greenf.dk\/de\/wp-json\/wp\/v2\/media\/5079"}],"wp:attachment":[{"href":"https:\/\/greenf.dk\/de\/wp-json\/wp\/v2\/media?parent=5213"}],"wp:term":[{"taxonomy":"category","embeddable":true,"href":"https:\/\/greenf.dk\/de\/wp-json\/wp\/v2\/categories?post=5213"}],"curies":[{"name":"wp","href":"https:\/\/api.w.org\/{rel}","templated":true}]}}