{"id":5171,"date":"2024-01-30T14:39:44","date_gmt":"2024-01-30T13:39:44","guid":{"rendered":"https:\/\/greenf.dk\/produzieren-sie-ihren-eigenen-stickstoff\/"},"modified":"2025-06-18T09:59:08","modified_gmt":"2025-06-18T07:59:08","slug":"produzieren-sie-ihren-eigenen-stickstoff","status":"publish","type":"page","link":"https:\/\/greenf.dk\/de\/produzieren-sie-ihren-eigenen-stickstoff\/","title":{"rendered":"Produzieren Sie Ihren eigenen Stickstoff"},"content":{"rendered":"<div class=\"wpb-content-wrapper\"><p>[vc_row full_width=&#8220;stretch_row&#8220;][vc_column]<div class=\"ult-spacer spacer-69f2fed22a52e\" data-id=\"69f2fed22a52e\" data-height=\"90\" data-height-mobile=\"60\" data-height-tab=\"90\" data-height-tab-portrait=\"60\" data-height-mobile-landscape=\"60\" style=\"clear:both;display:block;\"><\/div>[vc_row_inner][vc_column_inner width=&#8220;1\/3&#8243;]<div class=\"ult-new-ib ult-ib-effect-style2  ult-ib-resp ult-ib2-min-height \" data-min-width=\"768\" data-max-width=\"900\" style=\"background:#000000; opacity:0; \" data-opacity=\"0.7\" data-hover-opacity=\"0.4\"  data-min-height=\"300\" ><img decoding=\"async\" class=\"ult-new-ib-img\" style=\"opacity:0.7;\" alt=\"Mark\" src=\"https:\/\/greenf.dk\/wp-content\/uploads\/2019\/08\/Picture-1b.jpeg\"  data-min-height=\"300\"   \/><div id=\"interactive-banner-wrap-5064\" class=\"ult-new-ib-desc\" style=\"\"><h3 class=\"ult-new-ib-title ult-responsive\"  data-ultimate-target='#interactive-banner-wrap-5064 .ult-new-ib-title'  data-responsive-json-new='{\"font-size\":\"desktop:26px;tablet:26px;tablet_portrait:22px;mobile_landscape:26px;mobile:22px;\",\"line-height\":\"\"}'  style=\"font-weight:normal;color:#ffffff;\">GreenF Pflanzeng\u00fclle<\/h3><div class=\"ult-new-ib-content ult-responsive\"  data-ultimate-target='#interactive-banner-wrap-5064 .ult-new-ib-content'  data-responsive-json-new='{\"font-size\":\"desktop:16px;\",\"line-height\":\"\"}'  style=\"font-weight:200;color:#ffffff;\"><p>C\/N Batterie.<\/p><\/div><\/div><a class=\"ult-new-ib-link\" href=\"\/producer-dit-eget-kvaelstof\/greenf-plantegylle-c-n-akku\/\" title=\"L\u00e6s mere\"  ><\/a><\/div><div class=\"ult-spacer spacer-69f2fed22a968\" data-id=\"69f2fed22a968\" data-height=\"0\" data-height-mobile=\"30\" data-height-tab=\"0\" data-height-tab-portrait=\"0\" data-height-mobile-landscape=\"30\" style=\"clear:both;display:block;\"><\/div>[\/vc_column_inner][vc_column_inner width=&#8220;1\/3&#8243;]<div class=\"ult-new-ib ult-ib-effect-style2  ult-ib-resp ult-ib2-min-height \" data-min-width=\"768\" data-max-width=\"900\" style=\"background:#000000; opacity:0; \" data-opacity=\"0.7\" data-hover-opacity=\"0.4\"  data-min-height=\"300\" ><img decoding=\"async\" class=\"ult-new-ib-img\" style=\"opacity:0.7;\" alt=\"Mark\" src=\"https:\/\/greenf.dk\/wp-content\/uploads\/2019\/08\/Picture-1b.jpeg\"  data-min-height=\"300\"   \/><div id=\"interactive-banner-wrap-4455\" class=\"ult-new-ib-desc\" style=\"\"><h3 class=\"ult-new-ib-title ult-responsive\"  data-ultimate-target='#interactive-banner-wrap-4455 .ult-new-ib-title'  data-responsive-json-new='{\"font-size\":\"desktop:26px;tablet:26px;tablet_portrait:22px;mobile_landscape:26px;mobile:22px;\",\"line-height\":\"\"}'  style=\"font-weight:normal;color:#ffffff;\">GreenF Basis<\/h3><div class=\"ult-new-ib-content ult-responsive\"  data-ultimate-target='#interactive-banner-wrap-4455 .ult-new-ib-content'  data-responsive-json-new='{\"font-size\":\"desktop:16px;\",\"line-height\":\"\"}'  style=\"font-weight:200;color:#ffffff;\"><p>C\/N Batterie.<\/p><\/div><\/div><a class=\"ult-new-ib-link\" href=\"\/producer-dit-eget-kvaelstof\/greenf-basis-c-n-akku\/\" title=\"L\u00e6s mere\"  ><\/a><\/div><div class=\"ult-spacer spacer-69f2fed22aac6\" data-id=\"69f2fed22aac6\" data-height=\"0\" data-height-mobile=\"30\" data-height-tab=\"0\" data-height-tab-portrait=\"0\" data-height-mobile-landscape=\"30\" style=\"clear:both;display:block;\"><\/div>[\/vc_column_inner][vc_column_inner width=&#8220;1\/3&#8243;]<div class=\"ult-new-ib ult-ib-effect-style2  ult-ib-resp ult-ib2-min-height \" data-min-width=\"768\" data-max-width=\"900\" style=\"background:#000000; opacity:0; \" data-opacity=\"0.7\" data-hover-opacity=\"0.4\"  data-min-height=\"300\" ><img decoding=\"async\" class=\"ult-new-ib-img\" style=\"opacity:0.7;\" alt=\"Mark\" src=\"https:\/\/greenf.dk\/wp-content\/uploads\/2019\/08\/Picture-1b.jpeg\"  data-min-height=\"300\"   \/><div id=\"interactive-banner-wrap-6213\" class=\"ult-new-ib-desc\" style=\"\"><h3 class=\"ult-new-ib-title ult-responsive\"  data-ultimate-target='#interactive-banner-wrap-6213 .ult-new-ib-title'  data-responsive-json-new='{\"font-size\":\"desktop:26px;tablet:26px;tablet_portrait:22px;mobile_landscape:26px;mobile:22px;\",\"line-height\":\"\"}'  style=\"font-weight:normal;color:#ffffff;\">GreenF flat<\/h3><div class=\"ult-new-ib-content ult-responsive\"  data-ultimate-target='#interactive-banner-wrap-6213 .ult-new-ib-content'  data-responsive-json-new='{\"font-size\":\"desktop:16px;\",\"line-height\":\"\"}'  style=\"font-weight:200;color:#ffffff;\"><p>C\/N-Batterie.<br \/>\n- Kohlenstoff-Farming <\/p><\/div><\/div><a class=\"ult-new-ib-link\" href=\"\/producer-dit-eget-kvaelstof\/greenf-c-n-binding-carbon-farming\/\" title=\"L\u00e6s mere\"  ><\/a><\/div>[\/vc_column_inner][\/vc_row_inner][\/vc_column][\/vc_row][vc_row full_width=&#8220;stretch_row&#8220;][vc_column]<div class=\"ult-spacer spacer-69f2fed22ac2a\" data-id=\"69f2fed22ac2a\" data-height=\"90\" data-height-mobile=\"60\" data-height-tab=\"90\" data-height-tab-portrait=\"60\" data-height-mobile-landscape=\"60\" style=\"clear:both;display:block;\"><\/div>[vc_row_inner equal_height=&#8220;yes&#8220; css=&#8220;.vc_custom_1610367712581{margin-right: 0px !important;margin-left: 0px !important;}&#8220;][vc_column_inner el_class=&#8220;small-stretch&#8220; css=&#8220;.vc_custom_1706688537919{background-color: #f7f7f7 !important;}&#8220; offset=&#8220;vc_col-lg-6 vc_col-md-6 vc_col-xs-12&#8243;][vc_column_text]<\/p>\n<h1>Produzieren Sie Ihren eigenen Stickstoff<\/h1>\n<h4>Vorteile der drei einzigartigen Methoden<\/h4>\n<ul>\n<li>Optimale Nutzung von Stickstoff in Deckfr\u00fcchten.<\/li>\n<li>Weniger oder keine Notwendigkeit, D\u00fcnger zu kaufen.<\/li>\n<li>Die erzielte Stickstoffmenge wird nicht in die D\u00fcngemittelrechnung aufgenommen.<\/li>\n<li>Versorgung mit bodenverbessernden Mikroorganismen.<\/li>\n<li>M\u00f6glichkeit, die Schwimmschicht an Biogasanlagen zu verkaufen.<\/li>\n<\/ul>\n<p>[\/vc_column_text][\/vc_column_inner][vc_column_inner css=&#8220;.vc_custom_1706701336964{background-image: url(https:\/\/greenf.dk\/wp-content\/uploads\/2022\/09\/billede1gyllevogn.jpg?id=939) !important;background-position: center !important;background-repeat: no-repeat !important;background-size: cover !important;}&#8220; offset=&#8220;vc_col-lg-6 vc_col-md-6 vc_col-xs-12&#8243;]<div class=\"ult-spacer spacer-69f2fed22ac54\" data-id=\"69f2fed22ac54\" data-height=\"0\" data-height-mobile=\"200\" data-height-tab=\"0\" data-height-tab-portrait=\"300\" data-height-mobile-landscape=\"250\" style=\"clear:both;display:block;\"><\/div>[\/vc_column_inner][\/vc_row_inner]<div class=\"ult-spacer spacer-69f2fed22ac7f\" data-id=\"69f2fed22ac7f\" data-height=\"90\" data-height-mobile=\"60\" data-height-tab=\"90\" data-height-tab-portrait=\"60\" data-height-mobile-landscape=\"60\" style=\"clear:both;display:block;\"><\/div>[\/vc_column][\/vc_row][vc_row full_width=&#8220;stretch_row&#8220; el_class=&#8220;overlay white cta parallax&#8220; css=&#8220;.vc_custom_1706624192443{background-image: url(https:\/\/greenf.dk\/wp-content\/uploads\/2019\/08\/field-105146_1920.jpg?id=168) !important;background-position: center !important;background-repeat: no-repeat !important;background-size: cover !important;}&#8220;][vc_column]<div class=\"ult-spacer spacer-69f2fed22acc2\" data-id=\"69f2fed22acc2\" data-height=\"90\" data-height-mobile=\"60\" data-height-tab=\"90\" data-height-tab-portrait=\"60\" data-height-mobile-landscape=\"60\" style=\"clear:both;display:block;\"><\/div>[vc_row_inner equal_height=&#8220;yes&#8220; content_placement=&#8220;middle&#8220;][vc_column_inner offset=&#8220;vc_col-lg-6 vc_col-md-8 vc_col-xs-12&#8243;][vc_column_text]<\/p>\n<h3>Kontakt GreenF ApS<\/h3>\n<h4>Womit k\u00f6nnen wir Ihnen helfen?<\/h4>\n<p>Erhalten Sie Antworten auf Ihre Fragen oder erfahren Sie mehr dar\u00fcber, was wir f\u00fcr Sie tun k\u00f6nnen.<br \/>\nWir hoffen, von Ihnen zu h\u00f6ren.<br \/>\nRufen Sie uns an unter <a>(+45) 51 52 37 74<\/a> \/ <a>(+45) 25 75 37 74<\/a> oder senden Sie eine E-Mail an <a>kontakt@greenf.dk.<\/a><br \/>\nWir werden Ihre Anfrage so schnell wie m\u00f6glich beantworten.[\/vc_column_text][vc_empty_space height=&#8220;20px&#8220;][vc_btn title=&#8220;Kontaktieren Sie uns hier&#8220; style=&#8220;custom&#8220; custom_background=&#8220;#fc5623&#8243; custom_text=&#8220;#ffffff&#8220; shape=&#8220;square&#8220; link=&#8220;url:https%3A%2F%2Fgreenf.dk%2Fde%2Fkontaktieren-sie-uns%2F|title:Kontaktieren%20Sie%20uns|&#8220;]<div class=\"ult-spacer spacer-69f2fed22acfc\" data-id=\"69f2fed22acfc\" data-height=\"0\" data-height-mobile=\"30\" data-height-tab=\"0\" data-height-tab-portrait=\"30\" data-height-mobile-landscape=\"30\" style=\"clear:both;display:block;\"><\/div>[\/vc_column_inner][vc_column_inner offset=&#8220;vc_col-lg-6 vc_col-md-4 vc_col-xs-12&#8243;][vc_raw_html]W2Zvcm1pbmF0b3JfZm9ybSBpZD0iNjYiXQ==[\/vc_raw_html][\/vc_column_inner][\/vc_row_inner]<div class=\"ult-spacer spacer-69f2fed22ad35\" data-id=\"69f2fed22ad35\" data-height=\"90\" data-height-mobile=\"60\" data-height-tab=\"90\" data-height-tab-portrait=\"60\" data-height-mobile-landscape=\"60\" style=\"clear:both;display:block;\"><\/div>[\/vc_column][\/vc_row]<\/p>\n<\/div>","protected":false},"excerpt":{"rendered":"<p>[vc_row full_width=&#8220;stretch_row&#8220;][vc_column][vc_row_inner][vc_column_inner width=&#8220;1\/3&#8243;][\/vc_column_inner][vc_column_inner width=&#8220;1\/3&#8243;][\/vc_column_inner][vc_column_inner width=&#8220;1\/3&#8243;][\/vc_column_inner][\/vc_row_inner][\/vc_column][\/vc_row][vc_row full_width=&#8220;stretch_row&#8220;][vc_column][vc_row_inner equal_height=&#8220;yes&#8220; css=&#8220;.vc_custom_1610367712581{margin-right: 0px !important;margin-left: 0px !important;}&#8220;][vc_column_inner el_class=&#8220;small-stretch&#8220; css=&#8220;.vc_custom_1706688537919{background-color: #f7f7f7 !important;}&#8220; offset=&#8220;vc_col-lg-6 vc_col-md-6 vc_col-xs-12&#8243;][vc_column_text] Produzieren Sie Ihren eigenen Stickstoff Vorteile der drei einzigartigen Methoden Optimale Nutzung von Stickstoff in Deckfr\u00fcchten. Weniger oder keine Notwendigkeit, D\u00fcnger zu kaufen. Die erzielte Stickstoffmenge wird nicht in die D\u00fcngemittelrechnung aufgenommen. Versorgung mit bodenverbessernden Mikroorganismen. &#8230; <a title=\"Produzieren Sie Ihren eigenen Stickstoff\" class=\"read-more\" href=\"https:\/\/greenf.dk\/de\/produzieren-sie-ihren-eigenen-stickstoff\/\" aria-label=\"Mehr Informationen \u00fcber Produzieren Sie Ihren eigenen Stickstoff\">Weiterlesen &#8230;<\/a><\/p>\n","protected":false},"author":6,"featured_media":0,"parent":0,"menu_order":16,"comment_status":"closed","ping_status":"closed","template":"","meta":{"_acf_changed":false,"footnotes":""},"categories":[],"class_list":["post-5171","page","type-page","status-publish"],"acf":[],"yoast_head":"<!-- This site is optimized with the Yoast SEO plugin v26.8 - https:\/\/yoast.com\/product\/yoast-seo-wordpress\/ -->\n<title>Produzieren Sie Ihren eigenen Stickstoff | GreenF ApS<\/title>\n<meta name=\"robots\" content=\"index, follow, max-snippet:-1, max-image-preview:large, max-video-preview:-1\" \/>\n<link rel=\"canonical\" href=\"https:\/\/greenf.dk\/de\/produzieren-sie-ihren-eigenen-stickstoff\/\" \/>\n<meta property=\"og:locale\" content=\"de_DE\" \/>\n<meta property=\"og:type\" content=\"article\" \/>\n<meta property=\"og:title\" content=\"Produzieren Sie Ihren eigenen Stickstoff | GreenF ApS\" \/>\n<meta property=\"og:description\" content=\"[vc_row full_width=&#8220;stretch_row&#8220;][vc_column][vc_row_inner][vc_column_inner width=&#8220;1\/3&#8243;][\/vc_column_inner][vc_column_inner width=&#8220;1\/3&#8243;][\/vc_column_inner][vc_column_inner width=&#8220;1\/3&#8243;][\/vc_column_inner][\/vc_row_inner][\/vc_column][\/vc_row][vc_row full_width=&#8220;stretch_row&#8220;][vc_column][vc_row_inner equal_height=&#8220;yes&#8220; css=&#8220;.vc_custom_1610367712581{margin-right: 0px !important;margin-left: 0px !important;}&#8220;][vc_column_inner el_class=&#8220;small-stretch&#8220; css=&#8220;.vc_custom_1706688537919{background-color: #f7f7f7 !important;}&#8220; offset=&#8220;vc_col-lg-6 vc_col-md-6 vc_col-xs-12&#8243;][vc_column_text] Produzieren Sie Ihren eigenen Stickstoff Vorteile der drei einzigartigen Methoden Optimale Nutzung von Stickstoff in Deckfr\u00fcchten. Weniger oder keine Notwendigkeit, D\u00fcnger zu kaufen. Die erzielte Stickstoffmenge wird nicht in die D\u00fcngemittelrechnung aufgenommen. Versorgung mit bodenverbessernden Mikroorganismen. ... Weiterlesen ...\" \/>\n<meta property=\"og:url\" content=\"https:\/\/greenf.dk\/de\/produzieren-sie-ihren-eigenen-stickstoff\/\" \/>\n<meta property=\"og:site_name\" content=\"GreenF ApS\" \/>\n<meta property=\"article:modified_time\" content=\"2025-06-18T07:59:08+00:00\" \/>\n<meta name=\"twitter:card\" content=\"summary_large_image\" \/>\n<meta name=\"twitter:label1\" content=\"Gesch\u00e4tzte Lesezeit\" \/>\n\t<meta name=\"twitter:data1\" content=\"4\u00a0Minuten\" \/>\n<script type=\"application\/ld+json\" class=\"yoast-schema-graph\">{\"@context\":\"https:\/\/schema.org\",\"@graph\":[{\"@type\":\"WebPage\",\"@id\":\"https:\/\/greenf.dk\/de\/produzieren-sie-ihren-eigenen-stickstoff\/\",\"url\":\"https:\/\/greenf.dk\/de\/produzieren-sie-ihren-eigenen-stickstoff\/\",\"name\":\"Produzieren Sie Ihren eigenen Stickstoff | GreenF ApS\",\"isPartOf\":{\"@id\":\"https:\/\/greenf.dk\/#website\"},\"datePublished\":\"2024-01-30T13:39:44+00:00\",\"dateModified\":\"2025-06-18T07:59:08+00:00\",\"breadcrumb\":{\"@id\":\"https:\/\/greenf.dk\/de\/produzieren-sie-ihren-eigenen-stickstoff\/#breadcrumb\"},\"inLanguage\":\"de\",\"potentialAction\":[{\"@type\":\"ReadAction\",\"target\":[\"https:\/\/greenf.dk\/de\/produzieren-sie-ihren-eigenen-stickstoff\/\"]}]},{\"@type\":\"BreadcrumbList\",\"@id\":\"https:\/\/greenf.dk\/de\/produzieren-sie-ihren-eigenen-stickstoff\/#breadcrumb\",\"itemListElement\":[{\"@type\":\"ListItem\",\"position\":1,\"name\":\"Hjem\",\"item\":\"https:\/\/greenf.dk\/de\/\"},{\"@type\":\"ListItem\",\"position\":2,\"name\":\"Produzieren Sie Ihren eigenen Stickstoff\"}]},{\"@type\":\"WebSite\",\"@id\":\"https:\/\/greenf.dk\/#website\",\"url\":\"https:\/\/greenf.dk\/\",\"name\":\"GreenF ApS\",\"description\":\"G\u00f8dning, jordforbedrende mikrober, biostimulanter og \u00f8kologisk g\u00f8dning\",\"publisher\":{\"@id\":\"https:\/\/greenf.dk\/#organization\"},\"potentialAction\":[{\"@type\":\"SearchAction\",\"target\":{\"@type\":\"EntryPoint\",\"urlTemplate\":\"https:\/\/greenf.dk\/?s={search_term_string}\"},\"query-input\":{\"@type\":\"PropertyValueSpecification\",\"valueRequired\":true,\"valueName\":\"search_term_string\"}}],\"inLanguage\":\"de\"},{\"@type\":\"Organization\",\"@id\":\"https:\/\/greenf.dk\/#organization\",\"name\":\"GreenF ApS\",\"url\":\"https:\/\/greenf.dk\/\",\"logo\":{\"@type\":\"ImageObject\",\"inLanguage\":\"de\",\"@id\":\"https:\/\/greenf.dk\/#\/schema\/logo\/image\/\",\"url\":\"https:\/\/greenf.dk\/wp-content\/uploads\/2023\/02\/greenF-logo-hvid-baggrund_1-1.svg\",\"contentUrl\":\"https:\/\/greenf.dk\/wp-content\/uploads\/2023\/02\/greenF-logo-hvid-baggrund_1-1.svg\",\"width\":1119,\"height\":510,\"caption\":\"GreenF ApS\"},\"image\":{\"@id\":\"https:\/\/greenf.dk\/#\/schema\/logo\/image\/\"}}]}<\/script>\n<!-- \/ Yoast SEO plugin. -->","yoast_head_json":{"title":"Produzieren Sie Ihren eigenen Stickstoff | GreenF ApS","robots":{"index":"index","follow":"follow","max-snippet":"max-snippet:-1","max-image-preview":"max-image-preview:large","max-video-preview":"max-video-preview:-1"},"canonical":"https:\/\/greenf.dk\/de\/produzieren-sie-ihren-eigenen-stickstoff\/","og_locale":"de_DE","og_type":"article","og_title":"Produzieren Sie Ihren eigenen Stickstoff | GreenF ApS","og_description":"[vc_row full_width=&#8220;stretch_row&#8220;][vc_column][vc_row_inner][vc_column_inner width=&#8220;1\/3&#8243;][\/vc_column_inner][vc_column_inner width=&#8220;1\/3&#8243;][\/vc_column_inner][vc_column_inner width=&#8220;1\/3&#8243;][\/vc_column_inner][\/vc_row_inner][\/vc_column][\/vc_row][vc_row full_width=&#8220;stretch_row&#8220;][vc_column][vc_row_inner equal_height=&#8220;yes&#8220; css=&#8220;.vc_custom_1610367712581{margin-right: 0px !important;margin-left: 0px !important;}&#8220;][vc_column_inner el_class=&#8220;small-stretch&#8220; css=&#8220;.vc_custom_1706688537919{background-color: #f7f7f7 !important;}&#8220; offset=&#8220;vc_col-lg-6 vc_col-md-6 vc_col-xs-12&#8243;][vc_column_text] Produzieren Sie Ihren eigenen Stickstoff Vorteile der drei einzigartigen Methoden Optimale Nutzung von Stickstoff in Deckfr\u00fcchten. Weniger oder keine Notwendigkeit, D\u00fcnger zu kaufen. Die erzielte Stickstoffmenge wird nicht in die D\u00fcngemittelrechnung aufgenommen. Versorgung mit bodenverbessernden Mikroorganismen. ... Weiterlesen ...","og_url":"https:\/\/greenf.dk\/de\/produzieren-sie-ihren-eigenen-stickstoff\/","og_site_name":"GreenF ApS","article_modified_time":"2025-06-18T07:59:08+00:00","twitter_card":"summary_large_image","twitter_misc":{"Gesch\u00e4tzte Lesezeit":"4\u00a0Minuten"},"schema":{"@context":"https:\/\/schema.org","@graph":[{"@type":"WebPage","@id":"https:\/\/greenf.dk\/de\/produzieren-sie-ihren-eigenen-stickstoff\/","url":"https:\/\/greenf.dk\/de\/produzieren-sie-ihren-eigenen-stickstoff\/","name":"Produzieren Sie Ihren eigenen Stickstoff | GreenF ApS","isPartOf":{"@id":"https:\/\/greenf.dk\/#website"},"datePublished":"2024-01-30T13:39:44+00:00","dateModified":"2025-06-18T07:59:08+00:00","breadcrumb":{"@id":"https:\/\/greenf.dk\/de\/produzieren-sie-ihren-eigenen-stickstoff\/#breadcrumb"},"inLanguage":"de","potentialAction":[{"@type":"ReadAction","target":["https:\/\/greenf.dk\/de\/produzieren-sie-ihren-eigenen-stickstoff\/"]}]},{"@type":"BreadcrumbList","@id":"https:\/\/greenf.dk\/de\/produzieren-sie-ihren-eigenen-stickstoff\/#breadcrumb","itemListElement":[{"@type":"ListItem","position":1,"name":"Hjem","item":"https:\/\/greenf.dk\/de\/"},{"@type":"ListItem","position":2,"name":"Produzieren Sie Ihren eigenen Stickstoff"}]},{"@type":"WebSite","@id":"https:\/\/greenf.dk\/#website","url":"https:\/\/greenf.dk\/","name":"GreenF ApS","description":"G\u00f8dning, jordforbedrende mikrober, biostimulanter og \u00f8kologisk g\u00f8dning","publisher":{"@id":"https:\/\/greenf.dk\/#organization"},"potentialAction":[{"@type":"SearchAction","target":{"@type":"EntryPoint","urlTemplate":"https:\/\/greenf.dk\/?s={search_term_string}"},"query-input":{"@type":"PropertyValueSpecification","valueRequired":true,"valueName":"search_term_string"}}],"inLanguage":"de"},{"@type":"Organization","@id":"https:\/\/greenf.dk\/#organization","name":"GreenF ApS","url":"https:\/\/greenf.dk\/","logo":{"@type":"ImageObject","inLanguage":"de","@id":"https:\/\/greenf.dk\/#\/schema\/logo\/image\/","url":"https:\/\/greenf.dk\/wp-content\/uploads\/2023\/02\/greenF-logo-hvid-baggrund_1-1.svg","contentUrl":"https:\/\/greenf.dk\/wp-content\/uploads\/2023\/02\/greenF-logo-hvid-baggrund_1-1.svg","width":1119,"height":510,"caption":"GreenF ApS"},"image":{"@id":"https:\/\/greenf.dk\/#\/schema\/logo\/image\/"}}]}},"_links":{"self":[{"href":"https:\/\/greenf.dk\/de\/wp-json\/wp\/v2\/pages\/5171","targetHints":{"allow":["GET"]}}],"collection":[{"href":"https:\/\/greenf.dk\/de\/wp-json\/wp\/v2\/pages"}],"about":[{"href":"https:\/\/greenf.dk\/de\/wp-json\/wp\/v2\/types\/page"}],"author":[{"embeddable":true,"href":"https:\/\/greenf.dk\/de\/wp-json\/wp\/v2\/users\/6"}],"replies":[{"embeddable":true,"href":"https:\/\/greenf.dk\/de\/wp-json\/wp\/v2\/comments?post=5171"}],"version-history":[{"count":12,"href":"https:\/\/greenf.dk\/de\/wp-json\/wp\/v2\/pages\/5171\/revisions"}],"predecessor-version":[{"id":5698,"href":"https:\/\/greenf.dk\/de\/wp-json\/wp\/v2\/pages\/5171\/revisions\/5698"}],"wp:attachment":[{"href":"https:\/\/greenf.dk\/de\/wp-json\/wp\/v2\/media?parent=5171"}],"wp:term":[{"taxonomy":"category","embeddable":true,"href":"https:\/\/greenf.dk\/de\/wp-json\/wp\/v2\/categories?post=5171"}],"curies":[{"name":"wp","href":"https:\/\/api.w.org\/{rel}","templated":true}]}}