{"id":5169,"date":"2024-01-30T14:25:53","date_gmt":"2024-01-30T13:25:53","guid":{"rendered":"https:\/\/greenf.dk\/wintersamen\/"},"modified":"2025-06-18T10:25:18","modified_gmt":"2025-06-18T08:25:18","slug":"wintersamen","status":"publish","type":"page","link":"https:\/\/greenf.dk\/de\/konventionelle-landwirtschaft\/wintersamen\/","title":{"rendered":"Wintersamen"},"content":{"rendered":"<div class=\"wpb-content-wrapper\"><p>[vc_row full_width=&#8220;stretch_row&#8220;][vc_column]<div class=\"ult-spacer spacer-69f2ff787d88c\" data-id=\"69f2ff787d88c\" data-height=\"90\" data-height-mobile=\"60\" data-height-tab=\"90\" data-height-tab-portrait=\"60\" data-height-mobile-landscape=\"60\" style=\"clear:both;display:block;\"><\/div>[vc_row_inner][vc_column_inner offset=&#8220;vc_col-lg-1 vc_col-md-1 vc_col-xs-12&#8243;][\/vc_column_inner][vc_column_inner offset=&#8220;vc_col-lg-10 vc_col-md-10 vc_col-xs-12&#8243;][vc_column_text]<\/p>\n<h1 style=\"text-align: center;\">Wintersamen<\/h1>\n<p style=\"text-align: center;\"><strong>GreenF Microbes steigern die Ertr\u00e4ge von Wintergetreide.<\/strong><\/p>\n<p style=\"text-align: center;\"><strong>GreenF Microbes ist eine speziell entwickelte Mischung aus n\u00fctzlichen Bakterien, Pilzen und einzelligen Organismen (Protozoen).<\/strong><\/p>\n<p>[\/vc_column_text][\/vc_column_inner][vc_column_inner offset=&#8220;vc_col-lg-1 vc_col-md-1 vc_col-xs-12&#8243;][\/vc_column_inner][\/vc_row_inner][\/vc_column][\/vc_row][vc_row full_width=&#8220;stretch_row&#8220;][vc_column]<div class=\"ult-spacer spacer-69f2ff787d8da\" data-id=\"69f2ff787d8da\" data-height=\"90\" data-height-mobile=\"60\" data-height-tab=\"90\" data-height-tab-portrait=\"60\" data-height-mobile-landscape=\"60\" style=\"clear:both;display:block;\"><\/div>[vc_row_inner equal_height=&#8220;yes&#8220; css=&#8220;.vc_custom_1610367712581{margin-right: 0px !important;margin-left: 0px !important;}&#8220;][vc_column_inner el_class=&#8220;small-stretch&#8220; css=&#8220;.vc_custom_1706688537919{background-color: #f7f7f7 !important;}&#8220; offset=&#8220;vc_col-lg-6 vc_col-md-6 vc_col-xs-12&#8243;][vc_column_text]<\/p>\n<h3>Die Ausbringung in Wintergetreide bietet eine Reihe wichtiger Vorteile<\/h3>\n<ul>\n<li><strong>50% gr\u00f6\u00dfere Wurzeln<\/strong><\/li>\n<li><strong>Bessere Nutzung des zugeteilten Stickstoffs<\/strong><\/li>\n<li><strong>Bessere Wassernutzung.<\/strong><\/li>\n<li><strong>Bessere Aufnahme von Mikron\u00e4hrstoffen.<\/strong><\/li>\n<li><strong>Kann das Auftreten von Fu\u00dfpilz deutlich reduzieren.<\/strong><\/li>\n<li><strong>Bessere Kr\u00fcmelstruktur im Boden.<\/strong><\/li>\n<li><strong>Bessere Klimabilanzierung.<\/strong><\/li>\n<li><strong>Nitrifikationshemmende Wirkung<\/strong><\/li>\n<\/ul>\n<p><em>Das Foto rechts zeigt deutlich den positiven Effekt bei Wintergerste, die mit GreenF Microbes M behandelt wurde.<\/em><em>Rechts ist unbehandelt.<\/em>[\/vc_column_text][\/vc_column_inner][vc_column_inner css=&#8220;.vc_custom_1706688279039{background-image: url(https:\/\/greenf.dk\/wp-content\/uploads\/2022\/08\/g.png?id=913) !important;background-position: center !important;background-repeat: no-repeat !important;background-size: cover !important;}&#8220; offset=&#8220;vc_col-lg-6 vc_col-md-6 vc_col-xs-12&#8243;]<div class=\"ult-spacer spacer-69f2ff787d903\" data-id=\"69f2ff787d903\" data-height=\"0\" data-height-mobile=\"200\" data-height-tab=\"0\" data-height-tab-portrait=\"300\" data-height-mobile-landscape=\"250\" style=\"clear:both;display:block;\"><\/div>[\/vc_column_inner][\/vc_row_inner][vc_row_inner equal_height=&#8220;yes&#8220; css=&#8220;.vc_custom_1706688396072{margin-right: 0px !important;margin-left: 0px !important;}&#8220; el_class=&#8220;reverse&#8220;][vc_column_inner css=&#8220;.vc_custom_1706688388261{background-image: url(https:\/\/greenf.dk\/wp-content\/uploads\/2023\/02\/1.jpg?id=998) !important;background-position: center !important;background-repeat: no-repeat !important;background-size: cover !important;}&#8220; offset=&#8220;vc_col-lg-6 vc_col-md-6 vc_col-xs-12&#8243;]<div class=\"ult-spacer spacer-69f2ff787d929\" data-id=\"69f2ff787d929\" data-height=\"0\" data-height-mobile=\"200\" data-height-tab=\"0\" data-height-tab-portrait=\"300\" data-height-mobile-landscape=\"250\" style=\"clear:both;display:block;\"><\/div>[\/vc_column_inner][vc_column_inner el_class=&#8220;small-stretch&#8220; css=&#8220;.vc_custom_1706688542731{background-color: #f7f7f7 !important;}&#8220; offset=&#8220;vc_col-lg-6 vc_col-md-6 vc_col-xs-12&#8243;][vc_column_text]<\/p>\n<h3>Gebrauchsanweisung<\/h3>\n<ul>\n<li>Mischen Sie 25 Liter GreenF Microbes M in 300 Liter Wasser und spr\u00fchen Sie abends auf Tau und am n\u00e4chsten Tag auf Regen und\/oder direkt in den Regen.<\/li>\n<li>GreenF Microbes M funktioniert am besten unter feuchten Bedingungen.<\/li>\n<li>Kann auf die Stoppeln der Vorfrucht\/Nachfrucht kurz vor dem Pfl\u00fcgen vor der Saatbettbereitung ausgebracht werden.<\/li>\n<li>Bei der In-Crop-Spritzung k\u00f6nnen Sie von der Keimung bis Mitte Mai spr\u00fchen, wenn der Boden geeignet ist.<\/li>\n<li>Kann mit einer Spritze oder einem G\u00fclletankwagen ausgebracht werden.<\/li>\n<\/ul>\n<h4>Mit G\u00fclletankwagen<\/h4>\n<ul>\n<li>Kann w\u00e4hrend der G\u00fclleausbringung mit S\u00e4uerungsger\u00e4ten oder im G\u00fclletank zugegeben werden.<br \/>\nBesonders wirksam in faserreicher G\u00fclle.<\/li>\n<\/ul>\n<h4>Mit Zerst\u00e4uber<\/h4>\n<ul>\n<li>Wenden Sie es unter feuchten Bedingungen an, entweder w\u00e4hrend\/vor dem Regen oder in Verbindung mit Bew\u00e4sserung.<\/li>\n<li>Ansaugfilter und Leitungsfilter werden entfernt.<br \/>\nDie D\u00fcsenfilter werden entfernt und durch O-Ringe ersetzt.<\/li>\n<li>F\u00fcllen Sie die Spritze zun\u00e4chst mit Wasser.<br \/>\nGeben Sie GreenF Microbes hinzu und beginnen Sie zu r\u00fchren.<\/li>\n<li>Verwenden Sie die D\u00fcse Nr. 06 oder 4110 30-24.<\/li>\n<li>1-3 bar<\/li>\n<li>300 Liter\/ha<\/li>\n<li>8 Kilometer pro Stunde<\/li>\n<li>Die D\u00fcsen k\u00f6nnen durch eine Weitwinkel-Flachd\u00fcse zu 1 St\u00fcck\/Meter ersetzt werden.<\/li>\n<\/ul>\n<p><img decoding=\"async\" class=\"alignnone size-full wp-image-1002\" src=\"https:\/\/greenf.dk\/wp-content\/uploads\/2023\/02\/2.jpg\" alt=\"\" width=\"110\" height=\"88\" \/>[\/vc_column_text][\/vc_column_inner][\/vc_row_inner]<div class=\"ult-spacer spacer-69f2ff787d94b\" data-id=\"69f2ff787d94b\" data-height=\"90\" data-height-mobile=\"60\" data-height-tab=\"90\" data-height-tab-portrait=\"60\" data-height-mobile-landscape=\"60\" style=\"clear:both;display:block;\"><\/div>[\/vc_column][\/vc_row][vc_row full_width=&#8220;stretch_row&#8220; el_class=&#8220;overlay white cta parallax&#8220; css=&#8220;.vc_custom_1706624192443{background-image: url(https:\/\/greenf.dk\/wp-content\/uploads\/2019\/08\/field-105146_1920.jpg?id=168) !important;background-position: center !important;background-repeat: no-repeat !important;background-size: cover !important;}&#8220;][vc_column]<div class=\"ult-spacer spacer-69f2ff787d96b\" data-id=\"69f2ff787d96b\" data-height=\"90\" data-height-mobile=\"60\" data-height-tab=\"90\" data-height-tab-portrait=\"60\" data-height-mobile-landscape=\"60\" style=\"clear:both;display:block;\"><\/div>[vc_row_inner equal_height=&#8220;yes&#8220; content_placement=&#8220;middle&#8220;][vc_column_inner offset=&#8220;vc_col-lg-6 vc_col-md-8 vc_col-xs-12&#8243;][vc_column_text]<\/p>\n<h3>Kontakt GreenF ApS<\/h3>\n<h4>Womit k\u00f6nnen wir Ihnen helfen?<\/h4>\n<p>Erhalten Sie Antworten auf Ihre Fragen oder erfahren Sie mehr dar\u00fcber, was wir f\u00fcr Sie tun k\u00f6nnen.<br \/>\nWir hoffen, von Ihnen zu h\u00f6ren.<br \/>\nRufen Sie uns an unter <a>(+45) 51 52 37 74<\/a> \/ <a>(+45) 25 75 37 74<\/a> oder senden Sie eine E-Mail an <a>kontakt@greenf.dk.<\/a><br \/>\nWir werden Ihre Anfrage so schnell wie m\u00f6glich beantworten.[\/vc_column_text][vc_empty_space height=&#8220;20px&#8220;][vc_btn title=&#8220;Kontaktieren Sie uns hier&#8220; style=&#8220;custom&#8220; custom_background=&#8220;#fc5623&#8243; custom_text=&#8220;#ffffff&#8220; shape=&#8220;square&#8220; link=&#8220;url:https%3A%2F%2Fgreenf.dk%2Fde%2Fkontaktieren-sie-uns%2F|title:Kontaktieren%20Sie%20uns|&#8220;]<div class=\"ult-spacer spacer-69f2ff787d990\" data-id=\"69f2ff787d990\" data-height=\"0\" data-height-mobile=\"30\" data-height-tab=\"0\" data-height-tab-portrait=\"30\" data-height-mobile-landscape=\"30\" style=\"clear:both;display:block;\"><\/div>[\/vc_column_inner][vc_column_inner offset=&#8220;vc_col-lg-6 vc_col-md-4 vc_col-xs-12&#8243;][vc_raw_html]W2Zvcm1pbmF0b3JfZm9ybSBpZD0iNjYiXQ==[\/vc_raw_html][\/vc_column_inner][\/vc_row_inner]<div class=\"ult-spacer spacer-69f2ff787d9af\" data-id=\"69f2ff787d9af\" data-height=\"90\" data-height-mobile=\"60\" data-height-tab=\"90\" data-height-tab-portrait=\"60\" data-height-mobile-landscape=\"60\" style=\"clear:both;display:block;\"><\/div>[\/vc_column][\/vc_row]<\/p>\n<\/div>","protected":false},"excerpt":{"rendered":"<p>[vc_row full_width=&#8220;stretch_row&#8220;][vc_column][vc_row_inner][vc_column_inner offset=&#8220;vc_col-lg-1 vc_col-md-1 vc_col-xs-12&#8243;][\/vc_column_inner][vc_column_inner offset=&#8220;vc_col-lg-10 vc_col-md-10 vc_col-xs-12&#8243;][vc_column_text] Wintersamen GreenF Microbes steigern die Ertr\u00e4ge von Wintergetreide. GreenF Microbes ist eine speziell entwickelte Mischung aus n\u00fctzlichen Bakterien, Pilzen und einzelligen Organismen (Protozoen). [\/vc_column_text][\/vc_column_inner][vc_column_inner offset=&#8220;vc_col-lg-1 vc_col-md-1 vc_col-xs-12&#8243;][\/vc_column_inner][\/vc_row_inner][\/vc_column][\/vc_row][vc_row full_width=&#8220;stretch_row&#8220;][vc_column][vc_row_inner equal_height=&#8220;yes&#8220; css=&#8220;.vc_custom_1610367712581{margin-right: 0px !important;margin-left: 0px !important;}&#8220;][vc_column_inner el_class=&#8220;small-stretch&#8220; css=&#8220;.vc_custom_1706688537919{background-color: #f7f7f7 !important;}&#8220; offset=&#8220;vc_col-lg-6 vc_col-md-6 vc_col-xs-12&#8243;][vc_column_text] Die Ausbringung in Wintergetreide bietet eine &#8230; <a title=\"Wintersamen\" class=\"read-more\" href=\"https:\/\/greenf.dk\/de\/konventionelle-landwirtschaft\/wintersamen\/\" aria-label=\"Mehr Informationen \u00fcber Wintersamen\">Weiterlesen &#8230;<\/a><\/p>\n","protected":false},"author":6,"featured_media":5093,"parent":5240,"menu_order":6,"comment_status":"closed","ping_status":"closed","template":"","meta":{"_acf_changed":false,"footnotes":""},"categories":[],"class_list":["post-5169","page","type-page","status-publish","has-post-thumbnail"],"acf":[],"yoast_head":"<!-- This site is optimized with the Yoast SEO plugin v26.8 - https:\/\/yoast.com\/product\/yoast-seo-wordpress\/ -->\n<title>Wintersamen | GreenF ApS<\/title>\n<meta name=\"robots\" content=\"index, follow, max-snippet:-1, max-image-preview:large, max-video-preview:-1\" \/>\n<link rel=\"canonical\" href=\"https:\/\/greenf.dk\/de\/konventionelle-landwirtschaft\/wintersamen\/\" \/>\n<meta property=\"og:locale\" content=\"de_DE\" \/>\n<meta property=\"og:type\" content=\"article\" \/>\n<meta property=\"og:title\" content=\"Wintersamen | GreenF ApS\" \/>\n<meta property=\"og:description\" content=\"[vc_row full_width=&#8220;stretch_row&#8220;][vc_column][vc_row_inner][vc_column_inner offset=&#8220;vc_col-lg-1 vc_col-md-1 vc_col-xs-12&#8243;][\/vc_column_inner][vc_column_inner offset=&#8220;vc_col-lg-10 vc_col-md-10 vc_col-xs-12&#8243;][vc_column_text] Wintersamen GreenF Microbes steigern die Ertr\u00e4ge von Wintergetreide. GreenF Microbes ist eine speziell entwickelte Mischung aus n\u00fctzlichen Bakterien, Pilzen und einzelligen Organismen (Protozoen). [\/vc_column_text][\/vc_column_inner][vc_column_inner offset=&#8220;vc_col-lg-1 vc_col-md-1 vc_col-xs-12&#8243;][\/vc_column_inner][\/vc_row_inner][\/vc_column][\/vc_row][vc_row full_width=&#8220;stretch_row&#8220;][vc_column][vc_row_inner equal_height=&#8220;yes&#8220; css=&#8220;.vc_custom_1610367712581{margin-right: 0px !important;margin-left: 0px !important;}&#8220;][vc_column_inner el_class=&#8220;small-stretch&#8220; css=&#8220;.vc_custom_1706688537919{background-color: #f7f7f7 !important;}&#8220; offset=&#8220;vc_col-lg-6 vc_col-md-6 vc_col-xs-12&#8243;][vc_column_text] Die Ausbringung in Wintergetreide bietet eine ... Weiterlesen ...\" \/>\n<meta property=\"og:url\" content=\"https:\/\/greenf.dk\/de\/konventionelle-landwirtschaft\/wintersamen\/\" \/>\n<meta property=\"og:site_name\" content=\"GreenF ApS\" \/>\n<meta property=\"article:modified_time\" content=\"2025-06-18T08:25:18+00:00\" \/>\n<meta property=\"og:image\" content=\"https:\/\/greenf.dk\/wp-content\/uploads\/2023\/03\/istock-687716000-scaled-1.jpg\" \/>\n\t<meta property=\"og:image:width\" content=\"2048\" \/>\n\t<meta property=\"og:image:height\" content=\"1365\" \/>\n\t<meta property=\"og:image:type\" content=\"image\/jpeg\" \/>\n<meta name=\"twitter:card\" content=\"summary_large_image\" \/>\n<meta name=\"twitter:label1\" content=\"Gesch\u00e4tzte Lesezeit\" \/>\n\t<meta name=\"twitter:data1\" content=\"4\u00a0Minuten\" \/>\n<script type=\"application\/ld+json\" class=\"yoast-schema-graph\">{\"@context\":\"https:\/\/schema.org\",\"@graph\":[{\"@type\":\"WebPage\",\"@id\":\"https:\/\/greenf.dk\/de\/konventionelle-landwirtschaft\/wintersamen\/\",\"url\":\"https:\/\/greenf.dk\/de\/konventionelle-landwirtschaft\/wintersamen\/\",\"name\":\"Wintersamen | GreenF ApS\",\"isPartOf\":{\"@id\":\"https:\/\/greenf.dk\/#website\"},\"primaryImageOfPage\":{\"@id\":\"https:\/\/greenf.dk\/de\/konventionelle-landwirtschaft\/wintersamen\/#primaryimage\"},\"image\":{\"@id\":\"https:\/\/greenf.dk\/de\/konventionelle-landwirtschaft\/wintersamen\/#primaryimage\"},\"thumbnailUrl\":\"https:\/\/greenf.dk\/wp-content\/uploads\/2023\/03\/istock-687716000-scaled-1.jpg\",\"datePublished\":\"2024-01-30T13:25:53+00:00\",\"dateModified\":\"2025-06-18T08:25:18+00:00\",\"breadcrumb\":{\"@id\":\"https:\/\/greenf.dk\/de\/konventionelle-landwirtschaft\/wintersamen\/#breadcrumb\"},\"inLanguage\":\"de\",\"potentialAction\":[{\"@type\":\"ReadAction\",\"target\":[\"https:\/\/greenf.dk\/de\/konventionelle-landwirtschaft\/wintersamen\/\"]}]},{\"@type\":\"ImageObject\",\"inLanguage\":\"de\",\"@id\":\"https:\/\/greenf.dk\/de\/konventionelle-landwirtschaft\/wintersamen\/#primaryimage\",\"url\":\"https:\/\/greenf.dk\/wp-content\/uploads\/2023\/03\/istock-687716000-scaled-1.jpg\",\"contentUrl\":\"https:\/\/greenf.dk\/wp-content\/uploads\/2023\/03\/istock-687716000-scaled-1.jpg\",\"width\":2048,\"height\":1365,\"caption\":\"A female old hand on soil-earth. Close-up. Concept of old age-youth, life, health, nature.\"},{\"@type\":\"BreadcrumbList\",\"@id\":\"https:\/\/greenf.dk\/de\/konventionelle-landwirtschaft\/wintersamen\/#breadcrumb\",\"itemListElement\":[{\"@type\":\"ListItem\",\"position\":1,\"name\":\"Hjem\",\"item\":\"https:\/\/greenf.dk\/de\/\"},{\"@type\":\"ListItem\",\"position\":2,\"name\":\"Konventionelle Landwirtschaft\",\"item\":\"https:\/\/greenf.dk\/de\/konventionelle-landwirtschaft\/\"},{\"@type\":\"ListItem\",\"position\":3,\"name\":\"Wintersamen\"}]},{\"@type\":\"WebSite\",\"@id\":\"https:\/\/greenf.dk\/#website\",\"url\":\"https:\/\/greenf.dk\/\",\"name\":\"GreenF ApS\",\"description\":\"G\u00f8dning, jordforbedrende mikrober, biostimulanter og \u00f8kologisk g\u00f8dning\",\"publisher\":{\"@id\":\"https:\/\/greenf.dk\/#organization\"},\"potentialAction\":[{\"@type\":\"SearchAction\",\"target\":{\"@type\":\"EntryPoint\",\"urlTemplate\":\"https:\/\/greenf.dk\/?s={search_term_string}\"},\"query-input\":{\"@type\":\"PropertyValueSpecification\",\"valueRequired\":true,\"valueName\":\"search_term_string\"}}],\"inLanguage\":\"de\"},{\"@type\":\"Organization\",\"@id\":\"https:\/\/greenf.dk\/#organization\",\"name\":\"GreenF ApS\",\"url\":\"https:\/\/greenf.dk\/\",\"logo\":{\"@type\":\"ImageObject\",\"inLanguage\":\"de\",\"@id\":\"https:\/\/greenf.dk\/#\/schema\/logo\/image\/\",\"url\":\"https:\/\/greenf.dk\/wp-content\/uploads\/2023\/02\/greenF-logo-hvid-baggrund_1-1.svg\",\"contentUrl\":\"https:\/\/greenf.dk\/wp-content\/uploads\/2023\/02\/greenF-logo-hvid-baggrund_1-1.svg\",\"width\":1119,\"height\":510,\"caption\":\"GreenF ApS\"},\"image\":{\"@id\":\"https:\/\/greenf.dk\/#\/schema\/logo\/image\/\"}}]}<\/script>\n<!-- \/ Yoast SEO plugin. -->","yoast_head_json":{"title":"Wintersamen | GreenF ApS","robots":{"index":"index","follow":"follow","max-snippet":"max-snippet:-1","max-image-preview":"max-image-preview:large","max-video-preview":"max-video-preview:-1"},"canonical":"https:\/\/greenf.dk\/de\/konventionelle-landwirtschaft\/wintersamen\/","og_locale":"de_DE","og_type":"article","og_title":"Wintersamen | GreenF ApS","og_description":"[vc_row full_width=&#8220;stretch_row&#8220;][vc_column][vc_row_inner][vc_column_inner offset=&#8220;vc_col-lg-1 vc_col-md-1 vc_col-xs-12&#8243;][\/vc_column_inner][vc_column_inner offset=&#8220;vc_col-lg-10 vc_col-md-10 vc_col-xs-12&#8243;][vc_column_text] Wintersamen GreenF Microbes steigern die Ertr\u00e4ge von Wintergetreide. GreenF Microbes ist eine speziell entwickelte Mischung aus n\u00fctzlichen Bakterien, Pilzen und einzelligen Organismen (Protozoen). [\/vc_column_text][\/vc_column_inner][vc_column_inner offset=&#8220;vc_col-lg-1 vc_col-md-1 vc_col-xs-12&#8243;][\/vc_column_inner][\/vc_row_inner][\/vc_column][\/vc_row][vc_row full_width=&#8220;stretch_row&#8220;][vc_column][vc_row_inner equal_height=&#8220;yes&#8220; css=&#8220;.vc_custom_1610367712581{margin-right: 0px !important;margin-left: 0px !important;}&#8220;][vc_column_inner el_class=&#8220;small-stretch&#8220; css=&#8220;.vc_custom_1706688537919{background-color: #f7f7f7 !important;}&#8220; offset=&#8220;vc_col-lg-6 vc_col-md-6 vc_col-xs-12&#8243;][vc_column_text] Die Ausbringung in Wintergetreide bietet eine ... Weiterlesen ...","og_url":"https:\/\/greenf.dk\/de\/konventionelle-landwirtschaft\/wintersamen\/","og_site_name":"GreenF ApS","article_modified_time":"2025-06-18T08:25:18+00:00","og_image":[{"width":2048,"height":1365,"url":"https:\/\/greenf.dk\/wp-content\/uploads\/2023\/03\/istock-687716000-scaled-1.jpg","type":"image\/jpeg"}],"twitter_card":"summary_large_image","twitter_misc":{"Gesch\u00e4tzte Lesezeit":"4\u00a0Minuten"},"schema":{"@context":"https:\/\/schema.org","@graph":[{"@type":"WebPage","@id":"https:\/\/greenf.dk\/de\/konventionelle-landwirtschaft\/wintersamen\/","url":"https:\/\/greenf.dk\/de\/konventionelle-landwirtschaft\/wintersamen\/","name":"Wintersamen | GreenF ApS","isPartOf":{"@id":"https:\/\/greenf.dk\/#website"},"primaryImageOfPage":{"@id":"https:\/\/greenf.dk\/de\/konventionelle-landwirtschaft\/wintersamen\/#primaryimage"},"image":{"@id":"https:\/\/greenf.dk\/de\/konventionelle-landwirtschaft\/wintersamen\/#primaryimage"},"thumbnailUrl":"https:\/\/greenf.dk\/wp-content\/uploads\/2023\/03\/istock-687716000-scaled-1.jpg","datePublished":"2024-01-30T13:25:53+00:00","dateModified":"2025-06-18T08:25:18+00:00","breadcrumb":{"@id":"https:\/\/greenf.dk\/de\/konventionelle-landwirtschaft\/wintersamen\/#breadcrumb"},"inLanguage":"de","potentialAction":[{"@type":"ReadAction","target":["https:\/\/greenf.dk\/de\/konventionelle-landwirtschaft\/wintersamen\/"]}]},{"@type":"ImageObject","inLanguage":"de","@id":"https:\/\/greenf.dk\/de\/konventionelle-landwirtschaft\/wintersamen\/#primaryimage","url":"https:\/\/greenf.dk\/wp-content\/uploads\/2023\/03\/istock-687716000-scaled-1.jpg","contentUrl":"https:\/\/greenf.dk\/wp-content\/uploads\/2023\/03\/istock-687716000-scaled-1.jpg","width":2048,"height":1365,"caption":"A female old hand on soil-earth. Close-up. Concept of old age-youth, life, health, nature."},{"@type":"BreadcrumbList","@id":"https:\/\/greenf.dk\/de\/konventionelle-landwirtschaft\/wintersamen\/#breadcrumb","itemListElement":[{"@type":"ListItem","position":1,"name":"Hjem","item":"https:\/\/greenf.dk\/de\/"},{"@type":"ListItem","position":2,"name":"Konventionelle Landwirtschaft","item":"https:\/\/greenf.dk\/de\/konventionelle-landwirtschaft\/"},{"@type":"ListItem","position":3,"name":"Wintersamen"}]},{"@type":"WebSite","@id":"https:\/\/greenf.dk\/#website","url":"https:\/\/greenf.dk\/","name":"GreenF ApS","description":"G\u00f8dning, jordforbedrende mikrober, biostimulanter og \u00f8kologisk g\u00f8dning","publisher":{"@id":"https:\/\/greenf.dk\/#organization"},"potentialAction":[{"@type":"SearchAction","target":{"@type":"EntryPoint","urlTemplate":"https:\/\/greenf.dk\/?s={search_term_string}"},"query-input":{"@type":"PropertyValueSpecification","valueRequired":true,"valueName":"search_term_string"}}],"inLanguage":"de"},{"@type":"Organization","@id":"https:\/\/greenf.dk\/#organization","name":"GreenF ApS","url":"https:\/\/greenf.dk\/","logo":{"@type":"ImageObject","inLanguage":"de","@id":"https:\/\/greenf.dk\/#\/schema\/logo\/image\/","url":"https:\/\/greenf.dk\/wp-content\/uploads\/2023\/02\/greenF-logo-hvid-baggrund_1-1.svg","contentUrl":"https:\/\/greenf.dk\/wp-content\/uploads\/2023\/02\/greenF-logo-hvid-baggrund_1-1.svg","width":1119,"height":510,"caption":"GreenF ApS"},"image":{"@id":"https:\/\/greenf.dk\/#\/schema\/logo\/image\/"}}]}},"_links":{"self":[{"href":"https:\/\/greenf.dk\/de\/wp-json\/wp\/v2\/pages\/5169","targetHints":{"allow":["GET"]}}],"collection":[{"href":"https:\/\/greenf.dk\/de\/wp-json\/wp\/v2\/pages"}],"about":[{"href":"https:\/\/greenf.dk\/de\/wp-json\/wp\/v2\/types\/page"}],"author":[{"embeddable":true,"href":"https:\/\/greenf.dk\/de\/wp-json\/wp\/v2\/users\/6"}],"replies":[{"embeddable":true,"href":"https:\/\/greenf.dk\/de\/wp-json\/wp\/v2\/comments?post=5169"}],"version-history":[{"count":12,"href":"https:\/\/greenf.dk\/de\/wp-json\/wp\/v2\/pages\/5169\/revisions"}],"predecessor-version":[{"id":5702,"href":"https:\/\/greenf.dk\/de\/wp-json\/wp\/v2\/pages\/5169\/revisions\/5702"}],"up":[{"embeddable":true,"href":"https:\/\/greenf.dk\/de\/wp-json\/wp\/v2\/pages\/5240"}],"wp:featuredmedia":[{"embeddable":true,"href":"https:\/\/greenf.dk\/de\/wp-json\/wp\/v2\/media\/5093"}],"wp:attachment":[{"href":"https:\/\/greenf.dk\/de\/wp-json\/wp\/v2\/media?parent=5169"}],"wp:term":[{"taxonomy":"category","embeddable":true,"href":"https:\/\/greenf.dk\/de\/wp-json\/wp\/v2\/categories?post=5169"}],"curies":[{"name":"wp","href":"https:\/\/api.w.org\/{rel}","templated":true}]}}